{"id":7931,"date":"2020-04-09T14:39:36","date_gmt":"2020-04-09T12:39:36","guid":{"rendered":"https:\/\/vichy-encheres.com\/?page_id=7931"},"modified":"2026-01-07T11:41:21","modified_gmt":"2026-01-07T10:41:21","slug":"buy","status":"publish","type":"page","link":"https:\/\/vichy-encheres.com\/en\/buy-sell\/buy\/","title":{"rendered":"Buy"},"content":{"rendered":"\n<h2 class=\"wp-block-heading\">The auctions are public<\/h2>\n\n\n\n<p>Everybody has the right to attend as a spectator. Everybody can bid and buy, as long as you are of legal age, accountable and solvent. Then let\u2019s go with the flow \u2026<\/p>\n\n\n\n<div style=\"height:100px\" aria-hidden=\"true\" class=\"wp-block-spacer\"><\/div>\n\n\n\n\n    \n\t<div class=\"VE2019_BLOC_FULL\">\t\t\n\t\t\t\n\t\t\t\t\n\t\t\t\t<div class=\"VE2019_BD_VISUEL\" style=\"background-color:#8c5d67\">\n\t\t\t\t\t<div class=\"VE2019_CORNER\"><\/div>\n\t\t\t\t\t<div class=\"VE2019_BD_VISUEL_CONT\" style=\"background-image: url('https:\/\/vichy-encheres.com\/wp-content\/uploads\/2020\/04\/website-acheter-1-garanties-926x1024.jpg');\"><\/div>\n\t\t\t\t<\/div>\n\t\t\t\t\n\t\t\t\t<div class=\"VE2019_BD_TEXTE\">\n\t\t\t\t\t<h2>Guarantees<\/h2>\n\t\t\t\t\t<br\/>\n\t\t\t\t\t<div class=\"texte\">\n\t\t\t\t\t<p>A significant specificity of the French public auction system is the buyer&#8217;s guarantee of its purchase. In fact, each lot sold is accompanied by a slip guaranteeing the authenticity of the item for a period of five years. Finally, a certificate of authenticity prepared by the experts themselves is issued for the most important instruments.<br \/>\nThank you for reading our sales conditions in order to best prepare your auctions with us.<\/p>\n<p><a href=\"https:\/\/vichy-encheres.com\/en\/sales-conditions\/\" target=\"_blank\" rel=\"noopener\">Sales conditions<\/a><br \/>\n<a href=\"mailto:musique@vichy-encheres.com\">Contact music department <\/a><\/p>\n<div id=\"mailtorapidetoPopupModal\" style=\"z-index: 1;\">\n<div id=\"mailtorapidemailTo\"><\/div>\n<\/div>\n \n\t\t\t\t\t<\/div> \n\t\t\t\t<\/div>\n\t\t\t\t\n\t\t\t<\/div>\n\t\t\t\n\t\t\t\n\t<\/a>\n    \n\n\n\n\n    \n\t<div class=\"VE2019_BLOC_FULL\">\t\t\n\t\t\t\n\t\t\t\t\n\t\t\t\t<div class=\"VE2019_BD_VISUEL\" style=\"background-color:#8c5d67\">\n\t\t\t\t\t<div class=\"VE2019_CORNER\"><\/div>\n\t\t\t\t\t<div class=\"VE2019_BD_VISUEL_CONT\" style=\"background-image: url('https:\/\/vichy-encheres.com\/wp-content\/uploads\/2020\/04\/website-acheter-2-expositions-1024x1000.jpg');\"><\/div>\n\t\t\t\t<\/div>\n\t\t\t\t\n\t\t\t\t<div class=\"VE2019_BD_TEXTE\">\n\t\t\t\t\t<h2>Exhibition &#038; lots informations<\/h2>\n\t\t\t\t\t<br\/>\n\t\t\t\t\t<div class=\"texte\">\n\t\t\t\t\t<p>Before our sales, you can come and see the lots at the auction house in order to view the instruments and their condition report. Do not hesitate to contact us to know about the opening days and hours of exhibitions.<br \/>\nOn the website www.interencheres.com, we also upload high definition photos, descriptions and estimates of the instruments, several days before the sales.<br \/>\nWe remain at your disposal for any further information.<\/p>\n<p><a href=\"https:\/\/www.interencheres.com\/commissaire-priseur\/laurent-etienne-et-sarl-vichy-encheres-45\/\" target=\"_blank\" rel=\"noopener\">Interencheres<\/a><br \/>\n<a href=\"mailto:musique@vichy-encheres.com\">Contact music department<\/a><\/p>\n \n\t\t\t\t\t<\/div> \n\t\t\t\t<\/div>\n\t\t\t\t\n\t\t\t<\/div>\n\t\t\t\n\t\t\t\n\t<\/a>\n    \n\n\n\n\n    \n\t<div class=\"VE2019_BLOC_FULL\">\t\t\n\t\t\t\n\t\t\t\t\n\t\t\t\t<div class=\"VE2019_BD_VISUEL\" style=\"background-color:#8c5d67\">\n\t\t\t\t\t<div class=\"VE2019_CORNER\"><\/div>\n\t\t\t\t\t<div class=\"VE2019_BD_VISUEL_CONT\" style=\"background-image: url('https:\/\/vichy-encheres.com\/wp-content\/uploads\/2020\/04\/website-acheter-3-encheres-975x1024.jpg');\"><\/div>\n\t\t\t\t<\/div>\n\t\t\t\t\n\t\t\t\t<div class=\"VE2019_BD_TEXTE\">\n\t\t\t\t\t<h2>Bidding<\/h2>\n\t\t\t\t\t<br\/>\n\t\t\t\t\t<div class=\"texte\">\n\t\t\t\t\t<p>There are many solutions to bid:<br \/>\n\u2022 Directly in the room by raising your hand,<br \/>\n\u2022 In live on www.interencheres.com, the first online website for French auctions,<br \/>\n\u2022 By leaving a purchase order, secret or not, with a maximum bid,<br \/>\n\u2022 By phone for lots on which you agree to be a buyer at the low estimate and whose estimate is more than 100 \u20ac.<br \/>\nWe are at your side to find the best solution for you.<\/p>\n<p><a href=\"https:\/\/vichy-encheres.com\/wp-content\/uploads\/2023\/11\/absentee-phone-bid.pdf\" target=\"_blank\" rel=\"noopener\">Absentee bid\/Phone bid (PDF)<\/a><br \/>\n<a href=\"https:\/\/help.interencheres.com\/hc\/en-gb\/sections\/13225037521553-How-do-I-bid-How-do-I-enter-Live-or-timed-auctions\" target=\"_blank\" rel=\"noopener\">Bidding in a live auction: instructions for use\u00a0<\/a><br \/>\n<a href=\"mailto:musique@vichy-encheres.com\">Contact music department<\/a><\/p>\n \n\t\t\t\t\t<\/div> \n\t\t\t\t<\/div>\n\t\t\t\t\n\t\t\t<\/div>\n\t\t\t\n\t\t\t\n\t<\/a>\n    \n\n\n\n\n    \n\t<div class=\"VE2019_BLOC_FULL\">\t\t\n\t\t\t\n\t\t\t\t\n\t\t\t\t<div class=\"VE2019_BD_VISUEL\" style=\"background-color:#8c5d67\">\n\t\t\t\t\t<div class=\"VE2019_CORNER\"><\/div>\n\t\t\t\t\t<div class=\"VE2019_BD_VISUEL_CONT\" style=\"background-image: url('https:\/\/vichy-encheres.com\/wp-content\/uploads\/2020\/04\/website-acheter-4-frais-de-ventes-1024x834.jpg');\"><\/div>\n\t\t\t\t<\/div>\n\t\t\t\t\n\t\t\t\t<div class=\"VE2019_BD_TEXTE\">\n\t\t\t\t\t<h2>Fees and payment<\/h2>\n\t\t\t\t\t<br\/>\n\t\t\t\t\t<div class=\"texte\">\n\t\t\t\t\t<p>Our buyer fees amount to 25% in addition to the auction (tax included). The payment is directly made after the sale.<br \/>\nWe strongly recommend you to pay by credit card (by phone or online) or by bank transfer Cash payments are highly regulated and cannot exceed \u20ac 1,000. We accept Visa and Mastercards. American Express cards will be refused.<br \/>\nAfter your payment, we give you the invoice and you can recover your lots.<\/p>\n<p><a href=\"https:\/\/secure.payzen.eu\/vads-site\/VICHY_ENCHERES\" target=\"_blank\" rel=\"noopener\">PayZen online payment<\/a><br \/>\n<a href=\"mailto:compta@vichy-encheres.com\">Contact accounting department<\/a><\/p>\n \n\t\t\t\t\t<\/div> \n\t\t\t\t<\/div>\n\t\t\t\t\n\t\t\t<\/div>\n\t\t\t\n\t\t\t\n\t<\/a>\n    \n\n\n\n\n    \n\t<div class=\"VE2019_BLOC_FULL\">\t\t\n\t\t\t\n\t\t\t\t\n\t\t\t\t<div class=\"VE2019_BD_VISUEL\" style=\"background-color:#8c5d67\">\n\t\t\t\t\t<div class=\"VE2019_CORNER\"><\/div>\n\t\t\t\t\t<div class=\"VE2019_BD_VISUEL_CONT\" style=\"background-image: url('https:\/\/vichy-encheres.com\/wp-content\/uploads\/2020\/04\/website-acheter-5-transport-936x1024.jpg');\"><\/div>\n\t\t\t\t<\/div>\n\t\t\t\t\n\t\t\t\t<div class=\"VE2019_BD_TEXTE\">\n\t\t\t\t\t<h2>Transport, shipping and storage office<\/h2>\n\t\t\t\t\t<br\/>\n\t\t\t\t\t<div class=\"texte\">\n\t\t\t\t\t<p>Tailor-made support and high-end logistics are among our priorities: we are extremely careful with a secured and adapted packaging, shipment and transport. We support you through all the administrative procedures. We also have a deposit office in Paris to make it easier for you to collect your purchases.<\/p>\n<p><a href=\"https:\/\/vichy-encheres.com\/wp-content\/uploads\/2026\/01\/vichy-encheres-rougemont-en.pdf\" target=\"_blank\" rel=\"noopener\">Rougemont warehouse in Paris (PDF)<\/a><br \/>\n<a href=\"mailto:vente@vichy-encheres.com\">Contact sales department<\/a><\/p>\n \n\t\t\t\t\t<\/div> \n\t\t\t\t<\/div>\n\t\t\t\t\n\t\t\t<\/div>\n\t\t\t\n\t\t\t\n\t<\/a>\n    \n","protected":false},"excerpt":{"rendered":"<p>The auctions are public Everybody has the right to attend as a spectator. Everybody can bid and buy, as long as you are of legal age, accountable and solvent. Then let\u2019s go with the flow \u2026<\/p>\n","protected":false},"author":1,"featured_media":0,"parent":7982,"menu_order":10,"comment_status":"closed","ping_status":"closed","template":"","meta":{"_acf_changed":false,"footnotes":""},"class_list":["post-7931","page","type-page","status-publish","hentry","entry"],"acf":[],"yoast_head":"<!-- This site is optimized with the Yoast SEO plugin v27.3 - https:\/\/yoast.com\/product\/yoast-seo-wordpress\/ -->\n<title>Buy - Vichy Ench\u00e8res<\/title>\n<meta name=\"description\" content=\"Everybody has the right to attend as a spectator. Everybody can bid and buy, as long as you are of legal age, accountable and solvent...\" \/>\n<meta name=\"robots\" content=\"index, follow, max-snippet:-1, max-image-preview:large, max-video-preview:-1\" \/>\n<link rel=\"canonical\" href=\"https:\/\/vichy-encheres.com\/en\/buy-sell\/buy\/\" \/>\n<meta property=\"og:locale\" content=\"en_US\" \/>\n<meta property=\"og:type\" content=\"article\" \/>\n<meta property=\"og:title\" content=\"Buy - Vichy Ench\u00e8res\" \/>\n<meta property=\"og:description\" content=\"Everybody has the right to attend as a spectator. Everybody can bid and buy, as long as you are of legal age, accountable and solvent...\" \/>\n<meta property=\"og:url\" content=\"https:\/\/vichy-encheres.com\/en\/buy-sell\/buy\/\" \/>\n<meta property=\"og:site_name\" content=\"Vichy Ench\u00e8res\" \/>\n<meta property=\"article:publisher\" content=\"https:\/\/www.facebook.com\/vichyencheres\" \/>\n<meta property=\"article:modified_time\" content=\"2026-01-07T10:41:21+00:00\" \/>\n<meta name=\"twitter:card\" content=\"summary_large_image\" \/>\n<meta name=\"twitter:label1\" content=\"Est. reading time\" \/>\n\t<meta name=\"twitter:data1\" content=\"1 minute\" \/>\n<script type=\"application\/ld+json\" class=\"yoast-schema-graph\">{\"@context\":\"https:\\\/\\\/schema.org\",\"@graph\":[{\"@type\":\"WebPage\",\"@id\":\"https:\\\/\\\/vichy-encheres.com\\\/en\\\/buy-sell\\\/buy\\\/\",\"url\":\"https:\\\/\\\/vichy-encheres.com\\\/en\\\/buy-sell\\\/buy\\\/\",\"name\":\"Buy - Vichy Ench\u00e8res\",\"isPartOf\":{\"@id\":\"https:\\\/\\\/vichy-encheres.com\\\/#website\"},\"datePublished\":\"2020-04-09T12:39:36+00:00\",\"dateModified\":\"2026-01-07T10:41:21+00:00\",\"description\":\"Everybody has the right to attend as a spectator. Everybody can bid and buy, as long as you are of legal age, accountable and solvent...\",\"breadcrumb\":{\"@id\":\"https:\\\/\\\/vichy-encheres.com\\\/en\\\/buy-sell\\\/buy\\\/#breadcrumb\"},\"inLanguage\":\"en-US\",\"potentialAction\":[{\"@type\":\"ReadAction\",\"target\":[\"https:\\\/\\\/vichy-encheres.com\\\/en\\\/buy-sell\\\/buy\\\/\"]}]},{\"@type\":\"BreadcrumbList\",\"@id\":\"https:\\\/\\\/vichy-encheres.com\\\/en\\\/buy-sell\\\/buy\\\/#breadcrumb\",\"itemListElement\":[{\"@type\":\"ListItem\",\"position\":1,\"name\":\"Accueil\",\"item\":\"https:\\\/\\\/vichy-encheres.com\\\/en\\\/\"},{\"@type\":\"ListItem\",\"position\":2,\"name\":\"Buy\\\/sell\",\"item\":\"https:\\\/\\\/vichy-encheres.com\\\/en\\\/buy-sell\\\/\"},{\"@type\":\"ListItem\",\"position\":3,\"name\":\"Buy\"}]},{\"@type\":\"WebSite\",\"@id\":\"https:\\\/\\\/vichy-encheres.com\\\/#website\",\"url\":\"https:\\\/\\\/vichy-encheres.com\\\/\",\"name\":\"Vichy Ench\u00e8res\",\"description\":\"La maison de ventes fran\u00e7aise sp\u00e9cialis\u00e9e dans les instruments de musique depuis 1983\",\"publisher\":{\"@id\":\"https:\\\/\\\/vichy-encheres.com\\\/#organization\"},\"potentialAction\":[{\"@type\":\"SearchAction\",\"target\":{\"@type\":\"EntryPoint\",\"urlTemplate\":\"https:\\\/\\\/vichy-encheres.com\\\/?s={search_term_string}\"},\"query-input\":{\"@type\":\"PropertyValueSpecification\",\"valueRequired\":true,\"valueName\":\"search_term_string\"}}],\"inLanguage\":\"en-US\"},{\"@type\":\"Organization\",\"@id\":\"https:\\\/\\\/vichy-encheres.com\\\/#organization\",\"name\":\"Vichy Ench\u00e8res\",\"url\":\"https:\\\/\\\/vichy-encheres.com\\\/\",\"logo\":{\"@type\":\"ImageObject\",\"inLanguage\":\"en-US\",\"@id\":\"https:\\\/\\\/vichy-encheres.com\\\/#\\\/schema\\\/logo\\\/image\\\/\",\"url\":\"https:\\\/\\\/vichy-encheres.com\\\/wp-content\\\/uploads\\\/2020\\\/07\\\/homepage_logo.gif\",\"contentUrl\":\"https:\\\/\\\/vichy-encheres.com\\\/wp-content\\\/uploads\\\/2020\\\/07\\\/homepage_logo.gif\",\"width\":2000,\"height\":1500,\"caption\":\"Vichy Ench\u00e8res\"},\"image\":{\"@id\":\"https:\\\/\\\/vichy-encheres.com\\\/#\\\/schema\\\/logo\\\/image\\\/\"},\"sameAs\":[\"https:\\\/\\\/www.facebook.com\\\/vichyencheres\",\"https:\\\/\\\/www.instagram.com\\\/vichyencheres\",\"https:\\\/\\\/www.pinterest.fr\\\/vichyencheres\"]}]}<\/script>\n<!-- \/ Yoast SEO plugin. -->","yoast_head_json":{"title":"Buy - Vichy Ench\u00e8res","description":"Everybody has the right to attend as a spectator. Everybody can bid and buy, as long as you are of legal age, accountable and solvent...","robots":{"index":"index","follow":"follow","max-snippet":"max-snippet:-1","max-image-preview":"max-image-preview:large","max-video-preview":"max-video-preview:-1"},"canonical":"https:\/\/vichy-encheres.com\/en\/buy-sell\/buy\/","og_locale":"en_US","og_type":"article","og_title":"Buy - Vichy Ench\u00e8res","og_description":"Everybody has the right to attend as a spectator. Everybody can bid and buy, as long as you are of legal age, accountable and solvent...","og_url":"https:\/\/vichy-encheres.com\/en\/buy-sell\/buy\/","og_site_name":"Vichy Ench\u00e8res","article_publisher":"https:\/\/www.facebook.com\/vichyencheres","article_modified_time":"2026-01-07T10:41:21+00:00","twitter_card":"summary_large_image","twitter_misc":{"Est. reading time":"1 minute"},"schema":{"@context":"https:\/\/schema.org","@graph":[{"@type":"WebPage","@id":"https:\/\/vichy-encheres.com\/en\/buy-sell\/buy\/","url":"https:\/\/vichy-encheres.com\/en\/buy-sell\/buy\/","name":"Buy - Vichy Ench\u00e8res","isPartOf":{"@id":"https:\/\/vichy-encheres.com\/#website"},"datePublished":"2020-04-09T12:39:36+00:00","dateModified":"2026-01-07T10:41:21+00:00","description":"Everybody has the right to attend as a spectator. Everybody can bid and buy, as long as you are of legal age, accountable and solvent...","breadcrumb":{"@id":"https:\/\/vichy-encheres.com\/en\/buy-sell\/buy\/#breadcrumb"},"inLanguage":"en-US","potentialAction":[{"@type":"ReadAction","target":["https:\/\/vichy-encheres.com\/en\/buy-sell\/buy\/"]}]},{"@type":"BreadcrumbList","@id":"https:\/\/vichy-encheres.com\/en\/buy-sell\/buy\/#breadcrumb","itemListElement":[{"@type":"ListItem","position":1,"name":"Accueil","item":"https:\/\/vichy-encheres.com\/en\/"},{"@type":"ListItem","position":2,"name":"Buy\/sell","item":"https:\/\/vichy-encheres.com\/en\/buy-sell\/"},{"@type":"ListItem","position":3,"name":"Buy"}]},{"@type":"WebSite","@id":"https:\/\/vichy-encheres.com\/#website","url":"https:\/\/vichy-encheres.com\/","name":"Vichy Ench\u00e8res","description":"La maison de ventes fran\u00e7aise sp\u00e9cialis\u00e9e dans les instruments de musique depuis 1983","publisher":{"@id":"https:\/\/vichy-encheres.com\/#organization"},"potentialAction":[{"@type":"SearchAction","target":{"@type":"EntryPoint","urlTemplate":"https:\/\/vichy-encheres.com\/?s={search_term_string}"},"query-input":{"@type":"PropertyValueSpecification","valueRequired":true,"valueName":"search_term_string"}}],"inLanguage":"en-US"},{"@type":"Organization","@id":"https:\/\/vichy-encheres.com\/#organization","name":"Vichy Ench\u00e8res","url":"https:\/\/vichy-encheres.com\/","logo":{"@type":"ImageObject","inLanguage":"en-US","@id":"https:\/\/vichy-encheres.com\/#\/schema\/logo\/image\/","url":"https:\/\/vichy-encheres.com\/wp-content\/uploads\/2020\/07\/homepage_logo.gif","contentUrl":"https:\/\/vichy-encheres.com\/wp-content\/uploads\/2020\/07\/homepage_logo.gif","width":2000,"height":1500,"caption":"Vichy Ench\u00e8res"},"image":{"@id":"https:\/\/vichy-encheres.com\/#\/schema\/logo\/image\/"},"sameAs":["https:\/\/www.facebook.com\/vichyencheres","https:\/\/www.instagram.com\/vichyencheres","https:\/\/www.pinterest.fr\/vichyencheres"]}]}},"_links":{"self":[{"href":"https:\/\/vichy-encheres.com\/en\/wp-json\/wp\/v2\/pages\/7931","targetHints":{"allow":["GET"]}}],"collection":[{"href":"https:\/\/vichy-encheres.com\/en\/wp-json\/wp\/v2\/pages"}],"about":[{"href":"https:\/\/vichy-encheres.com\/en\/wp-json\/wp\/v2\/types\/page"}],"author":[{"embeddable":true,"href":"https:\/\/vichy-encheres.com\/en\/wp-json\/wp\/v2\/users\/1"}],"replies":[{"embeddable":true,"href":"https:\/\/vichy-encheres.com\/en\/wp-json\/wp\/v2\/comments?post=7931"}],"version-history":[{"count":35,"href":"https:\/\/vichy-encheres.com\/en\/wp-json\/wp\/v2\/pages\/7931\/revisions"}],"predecessor-version":[{"id":31686,"href":"https:\/\/vichy-encheres.com\/en\/wp-json\/wp\/v2\/pages\/7931\/revisions\/31686"}],"up":[{"embeddable":true,"href":"https:\/\/vichy-encheres.com\/en\/wp-json\/wp\/v2\/pages\/7982"}],"wp:attachment":[{"href":"https:\/\/vichy-encheres.com\/en\/wp-json\/wp\/v2\/media?parent=7931"}],"curies":[{"name":"wp","href":"https:\/\/api.w.org\/{rel}","templated":true}]}}