{"id":7944,"date":"2020-04-09T14:58:52","date_gmt":"2020-04-09T12:58:52","guid":{"rendered":"https:\/\/vichy-encheres.com\/?page_id=7944"},"modified":"2022-11-07T17:21:33","modified_gmt":"2022-11-07T16:21:33","slug":"legal-notice","status":"publish","type":"page","link":"https:\/\/vichy-encheres.com\/en\/legal-notice\/","title":{"rendered":"Legal notice \/ GDRP"},"content":{"rendered":"\n<h2 class=\"wp-block-heading\"><strong>The website www.vichy-encheres.com is the property of SAS Vichy Ench\u00e8res.<\/strong><\/h2>\n\n\n\n<h3 class=\"wp-block-heading\">Identification<\/h3>\n\n\n\n<p>Vichy Ench\u00e8res<br>16 avenue de Lyon \/ 03200 Vichy \/ France<br>Phone: +33 (0) 4 70 30 11 20 \/ Email: contact@vichy-encheres.com<br>Legal form: SAS<br>Capital: \u20ac 43,000<br>Auctioneer: Etienne Laurent<br>Editorial manager: Aur\u00e9lie Laurent<br>Website hosting: OVH<br>Graphic design&nbsp;: Element-s<br>Photos&nbsp;: <a rel=\"noreferrer noopener\" href=\"http:\/\/www.element-s.fr\/elements\" target=\"_blank\">Element-s<\/a> \/ <a rel=\"noreferrer noopener\" href=\"http:\/\/www.darbelet.com\/index.php\" target=\"_blank\">Christophe Darbelet<\/a> \/ Vichy Ench\u00e8res<br>Production and development : <a rel=\"noreferrer noopener\" href=\"https:\/\/www.mathieubillaud.com\" target=\"_blank\">Mathieu Billaud<\/a><br>Translation: Vichy Ench\u00e8res \/ Marc Butterlin<\/p>\n\n\n\n<h3 class=\"wp-block-heading\">Activity<\/h3>\n\n\n\n<p>SIREN: 442 457 925<br>Intra-Community identification number: FR82 442 457 925<br><a href=\"https:\/\/vichy-encheres.com\/en\/sales-conditions\/\" data-type=\"page\" data-id=\"8502\">Sales conditions<\/a><\/p>\n\n\n\n<h3 class=\"wp-block-heading\">GDPR<\/h3>\n\n\n\n<p>Since May 25th, 2018 and according to the General Data Protection Regulation, VICHY ENCH\u00c8RES offers you the possibility to know, modify or delete any information about you by sending an email to vente@vichy-encheres.com. The use of your personal data is only intended to keep you informed of the news of the auction house, prepare your invoices and proceed to the payment of your lots. No bank direct debit can be made without your prior consent. Your bank details will never be forwarded to anyone and will only be used for the payment of your lots. If you don\u2019t want to make changes, you have nothing to do. This will automatically authorize VICHY ENCH\u00c8RES to responsibly use your data.<\/p>\n\n\n\n<p>Vichy Ench\u00e8res has access to the TEMIS platform operated by Commissaires-Priseurs Multim\u00e9dia (CPM) for the purposes of handling the recovery of unpaid invoices. In this context, where there is a delay to payment, the personal data of bidders, or their representatives (e.g. name and contact details, auction information, invoices, etc.) may be shared with CPM for the purposes of collecting unpaid amounts. CPM acts as a processor as defined by the General Data Protection Regulation (Regulation (EU) 2016\/679 of 27 April 2016).<\/p>\n\n\n\n<h3 class=\"wp-block-heading\">Use of personal data<\/h3>\n\n\n\n<p>Vichy Ench\u00e8res may have to share all or part of your personal data with:<br>\u2022 the partner companies of Vichy Ench\u00e8res as part of their services, whether during transport and customs transit, sending Vichy Ench\u00e8res mailings, registration for our sales via the purchase order registration platform and via the secure online payment platform for invoices, for the IT maintenance and security service of Vichy Ench\u00e8res.<br>\u2022 the administrative and judicial authorities competent and empowered to obtain this information, as part of a verification of the compliance of transactions directly or indirectly related to the sale process of any lot.<\/p>\n","protected":false},"excerpt":{"rendered":"<p>The website www.vichy-encheres.com is the property of SAS Vichy Ench\u00e8res. Identification Vichy Ench\u00e8res16 avenue de Lyon \/ 03200 Vichy \/ FrancePhone: +33 (0) 4 70 30 11 20 \/ Email: contact@vichy-encheres.comLegal form: SASCapital: \u20ac 43,000Auctioneer: Etienne LaurentEditorial manager: Aur\u00e9lie LaurentWebsite hosting: OVHGraphic design&nbsp;: Element-sPhotos&nbsp;: Element-s \/ Christophe Darbelet \/ Vichy Ench\u00e8resProduction and development : Mathieu [&hellip;]<\/p>\n","protected":false},"author":1,"featured_media":8108,"parent":0,"menu_order":0,"comment_status":"closed","ping_status":"closed","template":"","meta":{"_acf_changed":false,"footnotes":""},"class_list":["post-7944","page","type-page","status-publish","has-post-thumbnail","hentry","entry"],"acf":[],"yoast_head":"<!-- This site is optimized with the Yoast SEO plugin v27.3 - https:\/\/yoast.com\/product\/yoast-seo-wordpress\/ -->\n<title>Legal notice \/ GDRP - Vichy Ench\u00e8res<\/title>\n<meta name=\"description\" content=\"Find the legal notices and the application of the General Data Protection Regulation: identification, GDPR...\" \/>\n<meta name=\"robots\" content=\"index, follow, max-snippet:-1, max-image-preview:large, max-video-preview:-1\" \/>\n<link rel=\"canonical\" href=\"https:\/\/vichy-encheres.com\/en\/legal-notice\/\" \/>\n<meta property=\"og:locale\" content=\"en_US\" \/>\n<meta property=\"og:type\" content=\"article\" \/>\n<meta property=\"og:title\" content=\"Legal notice \/ GDRP - Vichy Ench\u00e8res\" \/>\n<meta property=\"og:description\" content=\"Find the legal notices and the application of the General Data Protection Regulation: identification, GDPR...\" \/>\n<meta property=\"og:url\" content=\"https:\/\/vichy-encheres.com\/en\/legal-notice\/\" \/>\n<meta property=\"og:site_name\" content=\"Vichy Ench\u00e8res\" \/>\n<meta property=\"article:publisher\" content=\"https:\/\/www.facebook.com\/vichyencheres\" \/>\n<meta property=\"article:modified_time\" content=\"2022-11-07T16:21:33+00:00\" \/>\n<meta property=\"og:image\" content=\"https:\/\/vichy-encheres.com\/wp-content\/uploads\/2020\/06\/vendre-3-admin.jpg\" \/>\n\t<meta property=\"og:image:width\" content=\"800\" \/>\n\t<meta property=\"og:image:height\" content=\"800\" \/>\n\t<meta property=\"og:image:type\" content=\"image\/jpeg\" \/>\n<meta name=\"twitter:card\" content=\"summary_large_image\" \/>\n<meta name=\"twitter:label1\" content=\"Est. reading time\" \/>\n\t<meta name=\"twitter:data1\" content=\"2 minutes\" \/>\n<script type=\"application\/ld+json\" class=\"yoast-schema-graph\">{\"@context\":\"https:\\\/\\\/schema.org\",\"@graph\":[{\"@type\":\"WebPage\",\"@id\":\"https:\\\/\\\/vichy-encheres.com\\\/en\\\/legal-notice\\\/\",\"url\":\"https:\\\/\\\/vichy-encheres.com\\\/en\\\/legal-notice\\\/\",\"name\":\"Legal notice \\\/ GDRP - Vichy Ench\u00e8res\",\"isPartOf\":{\"@id\":\"https:\\\/\\\/vichy-encheres.com\\\/#website\"},\"primaryImageOfPage\":{\"@id\":\"https:\\\/\\\/vichy-encheres.com\\\/en\\\/legal-notice\\\/#primaryimage\"},\"image\":{\"@id\":\"https:\\\/\\\/vichy-encheres.com\\\/en\\\/legal-notice\\\/#primaryimage\"},\"thumbnailUrl\":\"https:\\\/\\\/vichy-encheres.com\\\/wp-content\\\/uploads\\\/2020\\\/06\\\/vendre-3-admin.jpg\",\"datePublished\":\"2020-04-09T12:58:52+00:00\",\"dateModified\":\"2022-11-07T16:21:33+00:00\",\"description\":\"Find the legal notices and the application of the General Data Protection Regulation: identification, GDPR...\",\"breadcrumb\":{\"@id\":\"https:\\\/\\\/vichy-encheres.com\\\/en\\\/legal-notice\\\/#breadcrumb\"},\"inLanguage\":\"en-US\",\"potentialAction\":[{\"@type\":\"ReadAction\",\"target\":[\"https:\\\/\\\/vichy-encheres.com\\\/en\\\/legal-notice\\\/\"]}]},{\"@type\":\"ImageObject\",\"inLanguage\":\"en-US\",\"@id\":\"https:\\\/\\\/vichy-encheres.com\\\/en\\\/legal-notice\\\/#primaryimage\",\"url\":\"https:\\\/\\\/vichy-encheres.com\\\/wp-content\\\/uploads\\\/2020\\\/06\\\/vendre-3-admin.jpg\",\"contentUrl\":\"https:\\\/\\\/vichy-encheres.com\\\/wp-content\\\/uploads\\\/2020\\\/06\\\/vendre-3-admin.jpg\",\"width\":800,\"height\":800},{\"@type\":\"BreadcrumbList\",\"@id\":\"https:\\\/\\\/vichy-encheres.com\\\/en\\\/legal-notice\\\/#breadcrumb\",\"itemListElement\":[{\"@type\":\"ListItem\",\"position\":1,\"name\":\"Accueil\",\"item\":\"https:\\\/\\\/vichy-encheres.com\\\/en\\\/\"},{\"@type\":\"ListItem\",\"position\":2,\"name\":\"Legal notice \\\/ GDRP\"}]},{\"@type\":\"WebSite\",\"@id\":\"https:\\\/\\\/vichy-encheres.com\\\/#website\",\"url\":\"https:\\\/\\\/vichy-encheres.com\\\/\",\"name\":\"Vichy Ench\u00e8res\",\"description\":\"La maison de ventes fran\u00e7aise sp\u00e9cialis\u00e9e dans les instruments de musique depuis 1983\",\"publisher\":{\"@id\":\"https:\\\/\\\/vichy-encheres.com\\\/#organization\"},\"potentialAction\":[{\"@type\":\"SearchAction\",\"target\":{\"@type\":\"EntryPoint\",\"urlTemplate\":\"https:\\\/\\\/vichy-encheres.com\\\/?s={search_term_string}\"},\"query-input\":{\"@type\":\"PropertyValueSpecification\",\"valueRequired\":true,\"valueName\":\"search_term_string\"}}],\"inLanguage\":\"en-US\"},{\"@type\":\"Organization\",\"@id\":\"https:\\\/\\\/vichy-encheres.com\\\/#organization\",\"name\":\"Vichy Ench\u00e8res\",\"url\":\"https:\\\/\\\/vichy-encheres.com\\\/\",\"logo\":{\"@type\":\"ImageObject\",\"inLanguage\":\"en-US\",\"@id\":\"https:\\\/\\\/vichy-encheres.com\\\/#\\\/schema\\\/logo\\\/image\\\/\",\"url\":\"https:\\\/\\\/vichy-encheres.com\\\/wp-content\\\/uploads\\\/2020\\\/07\\\/homepage_logo.gif\",\"contentUrl\":\"https:\\\/\\\/vichy-encheres.com\\\/wp-content\\\/uploads\\\/2020\\\/07\\\/homepage_logo.gif\",\"width\":2000,\"height\":1500,\"caption\":\"Vichy Ench\u00e8res\"},\"image\":{\"@id\":\"https:\\\/\\\/vichy-encheres.com\\\/#\\\/schema\\\/logo\\\/image\\\/\"},\"sameAs\":[\"https:\\\/\\\/www.facebook.com\\\/vichyencheres\",\"https:\\\/\\\/www.instagram.com\\\/vichyencheres\",\"https:\\\/\\\/www.pinterest.fr\\\/vichyencheres\"]}]}<\/script>\n<!-- \/ Yoast SEO plugin. -->","yoast_head_json":{"title":"Legal notice \/ GDRP - Vichy Ench\u00e8res","description":"Find the legal notices and the application of the General Data Protection Regulation: identification, GDPR...","robots":{"index":"index","follow":"follow","max-snippet":"max-snippet:-1","max-image-preview":"max-image-preview:large","max-video-preview":"max-video-preview:-1"},"canonical":"https:\/\/vichy-encheres.com\/en\/legal-notice\/","og_locale":"en_US","og_type":"article","og_title":"Legal notice \/ GDRP - Vichy Ench\u00e8res","og_description":"Find the legal notices and the application of the General Data Protection Regulation: identification, GDPR...","og_url":"https:\/\/vichy-encheres.com\/en\/legal-notice\/","og_site_name":"Vichy Ench\u00e8res","article_publisher":"https:\/\/www.facebook.com\/vichyencheres","article_modified_time":"2022-11-07T16:21:33+00:00","og_image":[{"width":800,"height":800,"url":"https:\/\/vichy-encheres.com\/wp-content\/uploads\/2020\/06\/vendre-3-admin.jpg","type":"image\/jpeg"}],"twitter_card":"summary_large_image","twitter_misc":{"Est. reading time":"2 minutes"},"schema":{"@context":"https:\/\/schema.org","@graph":[{"@type":"WebPage","@id":"https:\/\/vichy-encheres.com\/en\/legal-notice\/","url":"https:\/\/vichy-encheres.com\/en\/legal-notice\/","name":"Legal notice \/ GDRP - Vichy Ench\u00e8res","isPartOf":{"@id":"https:\/\/vichy-encheres.com\/#website"},"primaryImageOfPage":{"@id":"https:\/\/vichy-encheres.com\/en\/legal-notice\/#primaryimage"},"image":{"@id":"https:\/\/vichy-encheres.com\/en\/legal-notice\/#primaryimage"},"thumbnailUrl":"https:\/\/vichy-encheres.com\/wp-content\/uploads\/2020\/06\/vendre-3-admin.jpg","datePublished":"2020-04-09T12:58:52+00:00","dateModified":"2022-11-07T16:21:33+00:00","description":"Find the legal notices and the application of the General Data Protection Regulation: identification, GDPR...","breadcrumb":{"@id":"https:\/\/vichy-encheres.com\/en\/legal-notice\/#breadcrumb"},"inLanguage":"en-US","potentialAction":[{"@type":"ReadAction","target":["https:\/\/vichy-encheres.com\/en\/legal-notice\/"]}]},{"@type":"ImageObject","inLanguage":"en-US","@id":"https:\/\/vichy-encheres.com\/en\/legal-notice\/#primaryimage","url":"https:\/\/vichy-encheres.com\/wp-content\/uploads\/2020\/06\/vendre-3-admin.jpg","contentUrl":"https:\/\/vichy-encheres.com\/wp-content\/uploads\/2020\/06\/vendre-3-admin.jpg","width":800,"height":800},{"@type":"BreadcrumbList","@id":"https:\/\/vichy-encheres.com\/en\/legal-notice\/#breadcrumb","itemListElement":[{"@type":"ListItem","position":1,"name":"Accueil","item":"https:\/\/vichy-encheres.com\/en\/"},{"@type":"ListItem","position":2,"name":"Legal notice \/ GDRP"}]},{"@type":"WebSite","@id":"https:\/\/vichy-encheres.com\/#website","url":"https:\/\/vichy-encheres.com\/","name":"Vichy Ench\u00e8res","description":"La maison de ventes fran\u00e7aise sp\u00e9cialis\u00e9e dans les instruments de musique depuis 1983","publisher":{"@id":"https:\/\/vichy-encheres.com\/#organization"},"potentialAction":[{"@type":"SearchAction","target":{"@type":"EntryPoint","urlTemplate":"https:\/\/vichy-encheres.com\/?s={search_term_string}"},"query-input":{"@type":"PropertyValueSpecification","valueRequired":true,"valueName":"search_term_string"}}],"inLanguage":"en-US"},{"@type":"Organization","@id":"https:\/\/vichy-encheres.com\/#organization","name":"Vichy Ench\u00e8res","url":"https:\/\/vichy-encheres.com\/","logo":{"@type":"ImageObject","inLanguage":"en-US","@id":"https:\/\/vichy-encheres.com\/#\/schema\/logo\/image\/","url":"https:\/\/vichy-encheres.com\/wp-content\/uploads\/2020\/07\/homepage_logo.gif","contentUrl":"https:\/\/vichy-encheres.com\/wp-content\/uploads\/2020\/07\/homepage_logo.gif","width":2000,"height":1500,"caption":"Vichy Ench\u00e8res"},"image":{"@id":"https:\/\/vichy-encheres.com\/#\/schema\/logo\/image\/"},"sameAs":["https:\/\/www.facebook.com\/vichyencheres","https:\/\/www.instagram.com\/vichyencheres","https:\/\/www.pinterest.fr\/vichyencheres"]}]}},"_links":{"self":[{"href":"https:\/\/vichy-encheres.com\/en\/wp-json\/wp\/v2\/pages\/7944","targetHints":{"allow":["GET"]}}],"collection":[{"href":"https:\/\/vichy-encheres.com\/en\/wp-json\/wp\/v2\/pages"}],"about":[{"href":"https:\/\/vichy-encheres.com\/en\/wp-json\/wp\/v2\/types\/page"}],"author":[{"embeddable":true,"href":"https:\/\/vichy-encheres.com\/en\/wp-json\/wp\/v2\/users\/1"}],"replies":[{"embeddable":true,"href":"https:\/\/vichy-encheres.com\/en\/wp-json\/wp\/v2\/comments?post=7944"}],"version-history":[{"count":12,"href":"https:\/\/vichy-encheres.com\/en\/wp-json\/wp\/v2\/pages\/7944\/revisions"}],"predecessor-version":[{"id":19454,"href":"https:\/\/vichy-encheres.com\/en\/wp-json\/wp\/v2\/pages\/7944\/revisions\/19454"}],"wp:featuredmedia":[{"embeddable":true,"href":"https:\/\/vichy-encheres.com\/en\/wp-json\/wp\/v2\/media\/8108"}],"wp:attachment":[{"href":"https:\/\/vichy-encheres.com\/en\/wp-json\/wp\/v2\/media?parent=7944"}],"curies":[{"name":"wp","href":"https:\/\/api.w.org\/{rel}","templated":true}]}}