{"id":7956,"date":"2020-04-09T15:02:12","date_gmt":"2020-04-09T13:02:12","guid":{"rendered":"https:\/\/vichy-encheres.com\/?page_id=7956"},"modified":"2025-01-20T11:51:13","modified_gmt":"2025-01-20T10:51:13","slug":"presentation","status":"publish","type":"page","link":"https:\/\/vichy-encheres.com\/en\/vichy-encheres-3\/presentation\/","title":{"rendered":"Our auction house"},"content":{"rendered":"\n<h2 class=\"has-text-align-center wp-block-heading\"><strong>GENERALIST OF WORKS OF ART<\/strong><br><strong>MUSICAL INSTRUMENTS SPECIALIST<\/strong><\/h2>\n\n\n\n<p>Furniture, jewellery, paintings, silverware, curiosity and collectibles\u2026 The auctioneer is a generalist of work of art. However, when he started his career, Mr. Guy Laurent had intuition and the desire to innovate by offering an activity not common on the art market, that would open new and wider horizons for his company.<\/p>\n\n\n\n<p>Guy Laurent, a music lover himself and collector, thinks that musical instruments in all their diversity can become this new innovative vector. His conviction lies on two realities: one is that music is an international language, the second that France represents a considerable and attractive source in the field of instruments.<\/p>\n\n\n\n<p>An enlightened intuition: Vichy Ench\u00e8res quickly succeeds in establishing itself on the market for musical instruments. The auction house is today the leader in bows auctions. Many world records were beaten like, in 2017: a violin bow by Fran\u00e7ois-Xavier Tourte was sold for \u20ac 576,000, becoming the most expensive bow in the world.<br>A particularity conferring auctioneer Etienne Laurent &#8211; at the head of Vichy Ench\u00e8res today &#8211; an excellent knowledge of the present \u2018cosmopolitan\u2019 market.<\/p>\n\n\n\n<div style=\"height:100px\" aria-hidden=\"true\" class=\"wp-block-spacer\"><\/div>\n\n\n\n\n    \n\t<div class=\"VE2019_BLOC_FULL\">\t\t\n\t\t\t\n\t\t\t\t\n\t\t\t\t<div class=\"VE2019_BD_VISUEL\" style=\"background-color:#89a096\">\n\t\t\t\t\t<div class=\"VE2019_CORNER\"><\/div>\n\t\t\t\t\t<div class=\"VE2019_BD_VISUEL_CONT\" style=\"background-image: url('https:\/\/vichy-encheres.com\/wp-content\/uploads\/2020\/03\/une-expertise-pointue-1024x705.jpg');\"><\/div>\n\t\t\t\t<\/div>\n\t\t\t\t\n\t\t\t\t<div class=\"VE2019_BD_TEXTE\">\n\t\t\t\t\t<h2>Cutting-edge and guaranteed expertise<\/h2>\n\t\t\t\t\t<br\/>\n\t\t\t\t\t<div class=\"texte\">\n\t\t\t\t\t<p>Our experts are first of all independent professionals putting their competence to the service of Vichy Ench\u00e8res: the most trustable way of guaranteeing the equity of prices and the quality of the expertise.<br \/>\nTo support our experts in their research, Vichy Ench\u00e8res has an endoscope. Initially used for high precision surgery, this endoscope allows to film instruments from inside and thus record information useful for their identification.<br \/>\nA significant specificity of the French public auction system is the buyer&#8217;s guarantee of its purchase. In fact, each lot sold is accompanied by a slip guaranteeing the authenticity of the item for a period of five years. Finally, a certificate of authenticity prepared by the experts themselves is issued for the most important instruments.<\/p>\n<p><a href=\"mailto:expertise@vichy-encheres.com\">Contact expertise department<\/a><\/p>\n \n\t\t\t\t\t<\/div> \n\t\t\t\t<\/div>\n\t\t\t\t\n\t\t\t<\/div>\n\t\t\t\n\t\t\t\n\t<\/a>\n    \n\n\n\n\n    \n\t<div class=\"VE2019_BLOC_FULL\">\t\t\n\t\t\t\n\t\t\t\t\n\t\t\t\t<div class=\"VE2019_BD_VISUEL\" style=\"background-color:#89a096\">\n\t\t\t\t\t<div class=\"VE2019_CORNER\"><\/div>\n\t\t\t\t\t<div class=\"VE2019_BD_VISUEL_CONT\" style=\"background-image: url('https:\/\/vichy-encheres.com\/wp-content\/uploads\/2020\/03\/des-ventes-evenements-1-1024x860.jpg');\"><\/div>\n\t\t\t\t<\/div>\n\t\t\t\t\n\t\t\t\t<div class=\"VE2019_BD_TEXTE\">\n\t\t\t\t\t<h2>Sales not to be missed<\/h2>\n\t\t\t\t\t<br\/>\n\t\t\t\t\t<div class=\"texte\">\n\t\t\t\t\t<p>Each sale is promoted by targeted communication: emailings, press releases and editorial articles, released to specialized newspapers and magazines throughout the world.<br \/>\nEach year, more than a dozen auctions are dedicated to the &#8220;music&#8221; specialty and more than 4,000 instruments find a buyer. Our buyers don\u2019t hesitate to make the necessary trip to appreciate the instruments, certain to find in Vichy the instruments they are looking for<\/p>\n<p><a href=\"https:\/\/vichy-encheres.com\/en\/auctions\/events\">Sales schedule<\/a><br \/>\n<a href=\"https:\/\/www.interencheres.com\/commissaire-priseur\/laurent-etienne-et-sarl-vichy-encheres-45\/\" target=\"_blank\" rel=\"noopener\">Interencheres<\/a><br \/>\n<a href=\"mailto:vente@vichy-encheres.com\">Contact sales department<\/a><\/p>\n \n\t\t\t\t\t<\/div> \n\t\t\t\t<\/div>\n\t\t\t\t\n\t\t\t<\/div>\n\t\t\t\n\t\t\t\n\t<\/a>\n    \n\n\n\n\n    \n\t<div class=\"VE2019_BLOC_FULL\">\t\t\n\t\t\t\n\t\t\t\t\n\t\t\t\t<div class=\"VE2019_BD_VISUEL\" style=\"background-color:#89a096\">\n\t\t\t\t\t<div class=\"VE2019_CORNER\"><\/div>\n\t\t\t\t\t<div class=\"VE2019_BD_VISUEL_CONT\" style=\"background-image: url('https:\/\/vichy-encheres.com\/wp-content\/uploads\/2020\/03\/un-accompagnement-sur-mesure-1024x839.jpg');\"><\/div>\n\t\t\t\t<\/div>\n\t\t\t\t\n\t\t\t\t<div class=\"VE2019_BD_TEXTE\">\n\t\t\t\t\t<h2>A high quality support<\/h2>\n\t\t\t\t\t<br\/>\n\t\t\t\t\t<div class=\"texte\">\n\t\t\t\t\t<p>The personal involvement of each member of our team at Vichy Ench\u00e8res is with no doubt a fundamental asset, allowing sellers and buyers to witness the sales taking place with a reciprocal spirit of trust: availability, person to person contact, discreet advice and efficiency in meeting the clientele, whether near Vichy or at the other end of the world.<br \/>\nNational and international laws are becoming more complex and require a perfect knowledge of the procedures to be carried out before and after the sale. So we take care of the administrative procedures and we support you in the management of flat-rate capital gains taxes.<\/p>\n<p><a href=\"mailto:vente@vichy-encheres.com\">Contact sales department<\/a><\/p>\n \n\t\t\t\t\t<\/div> \n\t\t\t\t<\/div>\n\t\t\t\t\n\t\t\t<\/div>\n\t\t\t\n\t\t\t\n\t<\/a>\n    \n\n\n\n\n    \n\t<div class=\"VE2019_BLOC_FULL\">\t\t\n\t\t\t\n\t\t\t\t\n\t\t\t\t<div class=\"VE2019_BD_VISUEL\" style=\"background-color:#89a096\">\n\t\t\t\t\t<div class=\"VE2019_CORNER\"><\/div>\n\t\t\t\t\t<div class=\"VE2019_BD_VISUEL_CONT\" style=\"background-image: url('https:\/\/vichy-encheres.com\/wp-content\/uploads\/2020\/03\/un-logistique-haut-de-gamme2-1024x637.jpg');\"><\/div>\n\t\t\t\t<\/div>\n\t\t\t\t\n\t\t\t\t<div class=\"VE2019_BD_TEXTE\">\n\t\t\t\t\t<h2>A premium logistics<\/h2>\n\t\t\t\t\t<br\/>\n\t\t\t\t\t<div class=\"texte\">\n\t\t\t\t\t<p>We receive your instruments with the care that their quality requires. Their storage and their exhibition are carried out under optimal security conditions in our stores, saleroom or showcases.<br \/>\nTailor-made support and high-end logistics are among our priorities: we are extremely careful with a secured and adapted packaging, shipment and transport. We support you through all the administrative procedures.<br \/>\nWe also have a deposit office in Paris to make it easier for you to collect your purchases.<\/p>\n<p><a href=\"https:\/\/vichy-encheres.com\/wp-content\/uploads\/2020\/04\/vichy-encheres-rougemont-en.pdf\" target=\"_blank\">Rougemont warehouse in Paris<\/a><br \/>\n<a href=\"mailto:vente@vichy-encheres.com\">Contact sales department<\/a><\/p>\n \n\t\t\t\t\t<\/div> \n\t\t\t\t<\/div>\n\t\t\t\t\n\t\t\t<\/div>\n\t\t\t\n\t\t\t\n\t<\/a>\n    \n","protected":false},"excerpt":{"rendered":"<p>GENERALIST OF WORKS OF ARTMUSICAL INSTRUMENTS SPECIALIST Furniture, jewellery, paintings, silverware, curiosity and collectibles\u2026 The auctioneer is a generalist of work of art. However, when he started his career, Mr. Guy Laurent had intuition and the desire to innovate by offering an activity not common on the art market, that would open new and wider [&hellip;]<\/p>\n","protected":false},"author":1,"featured_media":0,"parent":7954,"menu_order":10,"comment_status":"closed","ping_status":"closed","template":"","meta":{"_acf_changed":false,"footnotes":""},"class_list":["post-7956","page","type-page","status-publish","hentry","entry"],"acf":[],"yoast_head":"<!-- This site is optimized with the Yoast SEO plugin v27.4 - https:\/\/yoast.com\/product\/yoast-seo-wordpress\/ -->\n<title>Our auction house - Vichy Ench\u00e8res<\/title>\n<meta name=\"robots\" content=\"index, follow, max-snippet:-1, max-image-preview:large, max-video-preview:-1\" \/>\n<link rel=\"canonical\" href=\"https:\/\/vichy-encheres.com\/en\/vichy-encheres-3\/presentation\/\" \/>\n<meta property=\"og:locale\" content=\"en_US\" \/>\n<meta property=\"og:type\" content=\"article\" \/>\n<meta property=\"og:title\" content=\"Our auction house - Vichy Ench\u00e8res\" \/>\n<meta property=\"og:description\" content=\"GENERALIST OF WORKS OF ARTMUSICAL INSTRUMENTS SPECIALIST Furniture, jewellery, paintings, silverware, curiosity and collectibles\u2026 The auctioneer is a generalist of work of art. However, when he started his career, Mr. Guy Laurent had intuition and the desire to innovate by offering an activity not common on the art market, that would open new and wider [&hellip;]\" \/>\n<meta property=\"og:url\" content=\"https:\/\/vichy-encheres.com\/en\/vichy-encheres-3\/presentation\/\" \/>\n<meta property=\"og:site_name\" content=\"Vichy Ench\u00e8res\" \/>\n<meta property=\"article:publisher\" content=\"https:\/\/www.facebook.com\/vichyencheres\" \/>\n<meta property=\"article:modified_time\" content=\"2025-01-20T10:51:13+00:00\" \/>\n<meta name=\"twitter:card\" content=\"summary_large_image\" \/>\n<meta name=\"twitter:label1\" content=\"Est. reading time\" \/>\n\t<meta name=\"twitter:data1\" content=\"2 minutes\" \/>\n<script type=\"application\/ld+json\" class=\"yoast-schema-graph\">{\"@context\":\"https:\\\/\\\/schema.org\",\"@graph\":[{\"@type\":\"WebPage\",\"@id\":\"https:\\\/\\\/vichy-encheres.com\\\/en\\\/vichy-encheres-3\\\/presentation\\\/\",\"url\":\"https:\\\/\\\/vichy-encheres.com\\\/en\\\/vichy-encheres-3\\\/presentation\\\/\",\"name\":\"Our auction house - Vichy Ench\u00e8res\",\"isPartOf\":{\"@id\":\"https:\\\/\\\/vichy-encheres.com\\\/#website\"},\"datePublished\":\"2020-04-09T13:02:12+00:00\",\"dateModified\":\"2025-01-20T10:51:13+00:00\",\"breadcrumb\":{\"@id\":\"https:\\\/\\\/vichy-encheres.com\\\/en\\\/vichy-encheres-3\\\/presentation\\\/#breadcrumb\"},\"inLanguage\":\"en-US\",\"potentialAction\":[{\"@type\":\"ReadAction\",\"target\":[\"https:\\\/\\\/vichy-encheres.com\\\/en\\\/vichy-encheres-3\\\/presentation\\\/\"]}]},{\"@type\":\"BreadcrumbList\",\"@id\":\"https:\\\/\\\/vichy-encheres.com\\\/en\\\/vichy-encheres-3\\\/presentation\\\/#breadcrumb\",\"itemListElement\":[{\"@type\":\"ListItem\",\"position\":1,\"name\":\"Accueil\",\"item\":\"https:\\\/\\\/vichy-encheres.com\\\/en\\\/\"},{\"@type\":\"ListItem\",\"position\":2,\"name\":\"Vichy ench\u00e8res\",\"item\":\"https:\\\/\\\/vichy-encheres.com\\\/en\\\/vichy-encheres-3\\\/\"},{\"@type\":\"ListItem\",\"position\":3,\"name\":\"Our auction house\"}]},{\"@type\":\"WebSite\",\"@id\":\"https:\\\/\\\/vichy-encheres.com\\\/#website\",\"url\":\"https:\\\/\\\/vichy-encheres.com\\\/\",\"name\":\"Vichy Ench\u00e8res\",\"description\":\"La maison de ventes fran\u00e7aise sp\u00e9cialis\u00e9e dans les instruments de musique depuis 1983\",\"publisher\":{\"@id\":\"https:\\\/\\\/vichy-encheres.com\\\/#organization\"},\"potentialAction\":[{\"@type\":\"SearchAction\",\"target\":{\"@type\":\"EntryPoint\",\"urlTemplate\":\"https:\\\/\\\/vichy-encheres.com\\\/?s={search_term_string}\"},\"query-input\":{\"@type\":\"PropertyValueSpecification\",\"valueRequired\":true,\"valueName\":\"search_term_string\"}}],\"inLanguage\":\"en-US\"},{\"@type\":\"Organization\",\"@id\":\"https:\\\/\\\/vichy-encheres.com\\\/#organization\",\"name\":\"Vichy Ench\u00e8res\",\"url\":\"https:\\\/\\\/vichy-encheres.com\\\/\",\"logo\":{\"@type\":\"ImageObject\",\"inLanguage\":\"en-US\",\"@id\":\"https:\\\/\\\/vichy-encheres.com\\\/#\\\/schema\\\/logo\\\/image\\\/\",\"url\":\"https:\\\/\\\/vichy-encheres.com\\\/wp-content\\\/uploads\\\/2020\\\/07\\\/homepage_logo.gif\",\"contentUrl\":\"https:\\\/\\\/vichy-encheres.com\\\/wp-content\\\/uploads\\\/2020\\\/07\\\/homepage_logo.gif\",\"width\":2000,\"height\":1500,\"caption\":\"Vichy Ench\u00e8res\"},\"image\":{\"@id\":\"https:\\\/\\\/vichy-encheres.com\\\/#\\\/schema\\\/logo\\\/image\\\/\"},\"sameAs\":[\"https:\\\/\\\/www.facebook.com\\\/vichyencheres\",\"https:\\\/\\\/www.instagram.com\\\/vichyencheres\",\"https:\\\/\\\/www.pinterest.fr\\\/vichyencheres\"]}]}<\/script>\n<!-- \/ Yoast SEO plugin. -->","yoast_head_json":{"title":"Our auction house - Vichy Ench\u00e8res","robots":{"index":"index","follow":"follow","max-snippet":"max-snippet:-1","max-image-preview":"max-image-preview:large","max-video-preview":"max-video-preview:-1"},"canonical":"https:\/\/vichy-encheres.com\/en\/vichy-encheres-3\/presentation\/","og_locale":"en_US","og_type":"article","og_title":"Our auction house - Vichy Ench\u00e8res","og_description":"GENERALIST OF WORKS OF ARTMUSICAL INSTRUMENTS SPECIALIST Furniture, jewellery, paintings, silverware, curiosity and collectibles\u2026 The auctioneer is a generalist of work of art. However, when he started his career, Mr. Guy Laurent had intuition and the desire to innovate by offering an activity not common on the art market, that would open new and wider [&hellip;]","og_url":"https:\/\/vichy-encheres.com\/en\/vichy-encheres-3\/presentation\/","og_site_name":"Vichy Ench\u00e8res","article_publisher":"https:\/\/www.facebook.com\/vichyencheres","article_modified_time":"2025-01-20T10:51:13+00:00","twitter_card":"summary_large_image","twitter_misc":{"Est. reading time":"2 minutes"},"schema":{"@context":"https:\/\/schema.org","@graph":[{"@type":"WebPage","@id":"https:\/\/vichy-encheres.com\/en\/vichy-encheres-3\/presentation\/","url":"https:\/\/vichy-encheres.com\/en\/vichy-encheres-3\/presentation\/","name":"Our auction house - Vichy Ench\u00e8res","isPartOf":{"@id":"https:\/\/vichy-encheres.com\/#website"},"datePublished":"2020-04-09T13:02:12+00:00","dateModified":"2025-01-20T10:51:13+00:00","breadcrumb":{"@id":"https:\/\/vichy-encheres.com\/en\/vichy-encheres-3\/presentation\/#breadcrumb"},"inLanguage":"en-US","potentialAction":[{"@type":"ReadAction","target":["https:\/\/vichy-encheres.com\/en\/vichy-encheres-3\/presentation\/"]}]},{"@type":"BreadcrumbList","@id":"https:\/\/vichy-encheres.com\/en\/vichy-encheres-3\/presentation\/#breadcrumb","itemListElement":[{"@type":"ListItem","position":1,"name":"Accueil","item":"https:\/\/vichy-encheres.com\/en\/"},{"@type":"ListItem","position":2,"name":"Vichy ench\u00e8res","item":"https:\/\/vichy-encheres.com\/en\/vichy-encheres-3\/"},{"@type":"ListItem","position":3,"name":"Our auction house"}]},{"@type":"WebSite","@id":"https:\/\/vichy-encheres.com\/#website","url":"https:\/\/vichy-encheres.com\/","name":"Vichy Ench\u00e8res","description":"La maison de ventes fran\u00e7aise sp\u00e9cialis\u00e9e dans les instruments de musique depuis 1983","publisher":{"@id":"https:\/\/vichy-encheres.com\/#organization"},"potentialAction":[{"@type":"SearchAction","target":{"@type":"EntryPoint","urlTemplate":"https:\/\/vichy-encheres.com\/?s={search_term_string}"},"query-input":{"@type":"PropertyValueSpecification","valueRequired":true,"valueName":"search_term_string"}}],"inLanguage":"en-US"},{"@type":"Organization","@id":"https:\/\/vichy-encheres.com\/#organization","name":"Vichy Ench\u00e8res","url":"https:\/\/vichy-encheres.com\/","logo":{"@type":"ImageObject","inLanguage":"en-US","@id":"https:\/\/vichy-encheres.com\/#\/schema\/logo\/image\/","url":"https:\/\/vichy-encheres.com\/wp-content\/uploads\/2020\/07\/homepage_logo.gif","contentUrl":"https:\/\/vichy-encheres.com\/wp-content\/uploads\/2020\/07\/homepage_logo.gif","width":2000,"height":1500,"caption":"Vichy Ench\u00e8res"},"image":{"@id":"https:\/\/vichy-encheres.com\/#\/schema\/logo\/image\/"},"sameAs":["https:\/\/www.facebook.com\/vichyencheres","https:\/\/www.instagram.com\/vichyencheres","https:\/\/www.pinterest.fr\/vichyencheres"]}]}},"_links":{"self":[{"href":"https:\/\/vichy-encheres.com\/en\/wp-json\/wp\/v2\/pages\/7956","targetHints":{"allow":["GET"]}}],"collection":[{"href":"https:\/\/vichy-encheres.com\/en\/wp-json\/wp\/v2\/pages"}],"about":[{"href":"https:\/\/vichy-encheres.com\/en\/wp-json\/wp\/v2\/types\/page"}],"author":[{"embeddable":true,"href":"https:\/\/vichy-encheres.com\/en\/wp-json\/wp\/v2\/users\/1"}],"replies":[{"embeddable":true,"href":"https:\/\/vichy-encheres.com\/en\/wp-json\/wp\/v2\/comments?post=7956"}],"version-history":[{"count":12,"href":"https:\/\/vichy-encheres.com\/en\/wp-json\/wp\/v2\/pages\/7956\/revisions"}],"predecessor-version":[{"id":19446,"href":"https:\/\/vichy-encheres.com\/en\/wp-json\/wp\/v2\/pages\/7956\/revisions\/19446"}],"up":[{"embeddable":true,"href":"https:\/\/vichy-encheres.com\/en\/wp-json\/wp\/v2\/pages\/7954"}],"wp:attachment":[{"href":"https:\/\/vichy-encheres.com\/en\/wp-json\/wp\/v2\/media?parent=7956"}],"curies":[{"name":"wp","href":"https:\/\/api.w.org\/{rel}","templated":true}]}}