{"id":7978,"date":"2020-04-09T15:13:41","date_gmt":"2020-04-09T13:13:41","guid":{"rendered":"https:\/\/vichy-encheres.com\/?page_id=7978"},"modified":"2025-01-20T11:54:13","modified_gmt":"2025-01-20T10:54:13","slug":"collections","status":"publish","type":"page","link":"https:\/\/vichy-encheres.com\/en\/auctions\/collections\/","title":{"rendered":"Collections"},"content":{"rendered":"\n<h2 class=\"has-text-align-center wp-block-heading\"><strong>The destiny of works of art<\/strong><\/h2>\n\n\n\n<p class=\"has-text-align-center\"><em>\u00ab&nbsp;Such is the way with works of art, they go from one owner to the next, from home to home, sometimes travelling across continents and between concert halls\u2026 it is their fate.&nbsp;\u00bb<\/em><\/p>\n\n\n\n<p class=\"has-text-align-center\">Catherine Millant<\/p>\n","protected":false},"excerpt":{"rendered":"<p>The destiny of works of art \u00ab&nbsp;Such is the way with works of art, they go from one owner to the next, from home to home, sometimes travelling across continents and between concert halls\u2026 it is their fate.&nbsp;\u00bb Catherine Millant<\/p>\n","protected":false},"author":1,"featured_media":0,"parent":7969,"menu_order":80,"comment_status":"closed","ping_status":"closed","template":"templates\/VE2019_COLLECTIONS.php","meta":{"_acf_changed":false,"footnotes":""},"class_list":["post-7978","page","type-page","status-publish","hentry","entry"],"acf":[],"yoast_head":"<!-- This site is optimized with the Yoast SEO plugin v27.3 - https:\/\/yoast.com\/product\/yoast-seo-wordpress\/ -->\n<title>Collections - Vichy Ench\u00e8res<\/title>\n<meta name=\"description\" content=\"Such is the way with works of art, they go from one owner to the next, from home to home, sometimes travelling across continents and between concert halls.\" \/>\n<meta name=\"robots\" content=\"index, follow, max-snippet:-1, max-image-preview:large, max-video-preview:-1\" \/>\n<link rel=\"canonical\" href=\"https:\/\/vichy-encheres.com\/en\/auctions\/collections\/\" \/>\n<meta property=\"og:locale\" content=\"en_US\" \/>\n<meta property=\"og:type\" content=\"article\" \/>\n<meta property=\"og:title\" content=\"Collections - Vichy Ench\u00e8res\" \/>\n<meta property=\"og:description\" content=\"Such is the way with works of art, they go from one owner to the next, from home to home, sometimes travelling across continents and between concert halls.\" \/>\n<meta property=\"og:url\" content=\"https:\/\/vichy-encheres.com\/en\/auctions\/collections\/\" \/>\n<meta property=\"og:site_name\" content=\"Vichy Ench\u00e8res\" \/>\n<meta property=\"article:publisher\" content=\"https:\/\/www.facebook.com\/vichyencheres\" \/>\n<meta property=\"article:modified_time\" content=\"2025-01-20T10:54:13+00:00\" \/>\n<meta property=\"og:image\" content=\"https:\/\/vichy-encheres.com\/wp-content\/uploads\/2021\/09\/bernard-millant-2-scaled.jpg\" \/>\n\t<meta property=\"og:image:width\" content=\"1708\" \/>\n\t<meta property=\"og:image:height\" content=\"2560\" \/>\n\t<meta property=\"og:image:type\" content=\"image\/jpeg\" \/>\n<meta name=\"twitter:card\" content=\"summary_large_image\" \/>\n<meta name=\"twitter:label1\" content=\"Est. reading time\" \/>\n\t<meta name=\"twitter:data1\" content=\"1 minute\" \/>\n<script type=\"application\/ld+json\" class=\"yoast-schema-graph\">{\"@context\":\"https:\\\/\\\/schema.org\",\"@graph\":[{\"@type\":\"WebPage\",\"@id\":\"https:\\\/\\\/vichy-encheres.com\\\/en\\\/auctions\\\/collections\\\/\",\"url\":\"https:\\\/\\\/vichy-encheres.com\\\/en\\\/auctions\\\/collections\\\/\",\"name\":\"Collections - Vichy Ench\u00e8res\",\"isPartOf\":{\"@id\":\"https:\\\/\\\/vichy-encheres.com\\\/#website\"},\"datePublished\":\"2020-04-09T13:13:41+00:00\",\"dateModified\":\"2025-01-20T10:54:13+00:00\",\"description\":\"Such is the way with works of art, they go from one owner to the next, from home to home, sometimes travelling across continents and between concert halls.\",\"breadcrumb\":{\"@id\":\"https:\\\/\\\/vichy-encheres.com\\\/en\\\/auctions\\\/collections\\\/#breadcrumb\"},\"inLanguage\":\"en-US\",\"potentialAction\":[{\"@type\":\"ReadAction\",\"target\":[\"https:\\\/\\\/vichy-encheres.com\\\/en\\\/auctions\\\/collections\\\/\"]}]},{\"@type\":\"BreadcrumbList\",\"@id\":\"https:\\\/\\\/vichy-encheres.com\\\/en\\\/auctions\\\/collections\\\/#breadcrumb\",\"itemListElement\":[{\"@type\":\"ListItem\",\"position\":1,\"name\":\"Accueil\",\"item\":\"https:\\\/\\\/vichy-encheres.com\\\/en\\\/\"},{\"@type\":\"ListItem\",\"position\":2,\"name\":\"Auctions\",\"item\":\"https:\\\/\\\/vichy-encheres.com\\\/en\\\/auctions\\\/\"},{\"@type\":\"ListItem\",\"position\":3,\"name\":\"Collections\"}]},{\"@type\":\"WebSite\",\"@id\":\"https:\\\/\\\/vichy-encheres.com\\\/#website\",\"url\":\"https:\\\/\\\/vichy-encheres.com\\\/\",\"name\":\"Vichy Ench\u00e8res\",\"description\":\"La maison de ventes fran\u00e7aise sp\u00e9cialis\u00e9e dans les instruments de musique depuis 1983\",\"publisher\":{\"@id\":\"https:\\\/\\\/vichy-encheres.com\\\/#organization\"},\"potentialAction\":[{\"@type\":\"SearchAction\",\"target\":{\"@type\":\"EntryPoint\",\"urlTemplate\":\"https:\\\/\\\/vichy-encheres.com\\\/?s={search_term_string}\"},\"query-input\":{\"@type\":\"PropertyValueSpecification\",\"valueRequired\":true,\"valueName\":\"search_term_string\"}}],\"inLanguage\":\"en-US\"},{\"@type\":\"Organization\",\"@id\":\"https:\\\/\\\/vichy-encheres.com\\\/#organization\",\"name\":\"Vichy Ench\u00e8res\",\"url\":\"https:\\\/\\\/vichy-encheres.com\\\/\",\"logo\":{\"@type\":\"ImageObject\",\"inLanguage\":\"en-US\",\"@id\":\"https:\\\/\\\/vichy-encheres.com\\\/#\\\/schema\\\/logo\\\/image\\\/\",\"url\":\"https:\\\/\\\/vichy-encheres.com\\\/wp-content\\\/uploads\\\/2020\\\/07\\\/homepage_logo.gif\",\"contentUrl\":\"https:\\\/\\\/vichy-encheres.com\\\/wp-content\\\/uploads\\\/2020\\\/07\\\/homepage_logo.gif\",\"width\":2000,\"height\":1500,\"caption\":\"Vichy Ench\u00e8res\"},\"image\":{\"@id\":\"https:\\\/\\\/vichy-encheres.com\\\/#\\\/schema\\\/logo\\\/image\\\/\"},\"sameAs\":[\"https:\\\/\\\/www.facebook.com\\\/vichyencheres\",\"https:\\\/\\\/www.instagram.com\\\/vichyencheres\",\"https:\\\/\\\/www.pinterest.fr\\\/vichyencheres\"]}]}<\/script>\n<!-- \/ Yoast SEO plugin. -->","yoast_head_json":{"title":"Collections - Vichy Ench\u00e8res","description":"Such is the way with works of art, they go from one owner to the next, from home to home, sometimes travelling across continents and between concert halls.","robots":{"index":"index","follow":"follow","max-snippet":"max-snippet:-1","max-image-preview":"max-image-preview:large","max-video-preview":"max-video-preview:-1"},"canonical":"https:\/\/vichy-encheres.com\/en\/auctions\/collections\/","og_locale":"en_US","og_type":"article","og_title":"Collections - Vichy Ench\u00e8res","og_description":"Such is the way with works of art, they go from one owner to the next, from home to home, sometimes travelling across continents and between concert halls.","og_url":"https:\/\/vichy-encheres.com\/en\/auctions\/collections\/","og_site_name":"Vichy Ench\u00e8res","article_publisher":"https:\/\/www.facebook.com\/vichyencheres","article_modified_time":"2025-01-20T10:54:13+00:00","og_image":[{"width":1708,"height":2560,"url":"https:\/\/vichy-encheres.com\/wp-content\/uploads\/2021\/09\/bernard-millant-2-scaled.jpg","type":"image\/jpeg"}],"twitter_card":"summary_large_image","twitter_misc":{"Est. reading time":"1 minute"},"schema":{"@context":"https:\/\/schema.org","@graph":[{"@type":"WebPage","@id":"https:\/\/vichy-encheres.com\/en\/auctions\/collections\/","url":"https:\/\/vichy-encheres.com\/en\/auctions\/collections\/","name":"Collections - Vichy Ench\u00e8res","isPartOf":{"@id":"https:\/\/vichy-encheres.com\/#website"},"datePublished":"2020-04-09T13:13:41+00:00","dateModified":"2025-01-20T10:54:13+00:00","description":"Such is the way with works of art, they go from one owner to the next, from home to home, sometimes travelling across continents and between concert halls.","breadcrumb":{"@id":"https:\/\/vichy-encheres.com\/en\/auctions\/collections\/#breadcrumb"},"inLanguage":"en-US","potentialAction":[{"@type":"ReadAction","target":["https:\/\/vichy-encheres.com\/en\/auctions\/collections\/"]}]},{"@type":"BreadcrumbList","@id":"https:\/\/vichy-encheres.com\/en\/auctions\/collections\/#breadcrumb","itemListElement":[{"@type":"ListItem","position":1,"name":"Accueil","item":"https:\/\/vichy-encheres.com\/en\/"},{"@type":"ListItem","position":2,"name":"Auctions","item":"https:\/\/vichy-encheres.com\/en\/auctions\/"},{"@type":"ListItem","position":3,"name":"Collections"}]},{"@type":"WebSite","@id":"https:\/\/vichy-encheres.com\/#website","url":"https:\/\/vichy-encheres.com\/","name":"Vichy Ench\u00e8res","description":"La maison de ventes fran\u00e7aise sp\u00e9cialis\u00e9e dans les instruments de musique depuis 1983","publisher":{"@id":"https:\/\/vichy-encheres.com\/#organization"},"potentialAction":[{"@type":"SearchAction","target":{"@type":"EntryPoint","urlTemplate":"https:\/\/vichy-encheres.com\/?s={search_term_string}"},"query-input":{"@type":"PropertyValueSpecification","valueRequired":true,"valueName":"search_term_string"}}],"inLanguage":"en-US"},{"@type":"Organization","@id":"https:\/\/vichy-encheres.com\/#organization","name":"Vichy Ench\u00e8res","url":"https:\/\/vichy-encheres.com\/","logo":{"@type":"ImageObject","inLanguage":"en-US","@id":"https:\/\/vichy-encheres.com\/#\/schema\/logo\/image\/","url":"https:\/\/vichy-encheres.com\/wp-content\/uploads\/2020\/07\/homepage_logo.gif","contentUrl":"https:\/\/vichy-encheres.com\/wp-content\/uploads\/2020\/07\/homepage_logo.gif","width":2000,"height":1500,"caption":"Vichy Ench\u00e8res"},"image":{"@id":"https:\/\/vichy-encheres.com\/#\/schema\/logo\/image\/"},"sameAs":["https:\/\/www.facebook.com\/vichyencheres","https:\/\/www.instagram.com\/vichyencheres","https:\/\/www.pinterest.fr\/vichyencheres"]}]}},"_links":{"self":[{"href":"https:\/\/vichy-encheres.com\/en\/wp-json\/wp\/v2\/pages\/7978","targetHints":{"allow":["GET"]}}],"collection":[{"href":"https:\/\/vichy-encheres.com\/en\/wp-json\/wp\/v2\/pages"}],"about":[{"href":"https:\/\/vichy-encheres.com\/en\/wp-json\/wp\/v2\/types\/page"}],"author":[{"embeddable":true,"href":"https:\/\/vichy-encheres.com\/en\/wp-json\/wp\/v2\/users\/1"}],"replies":[{"embeddable":true,"href":"https:\/\/vichy-encheres.com\/en\/wp-json\/wp\/v2\/comments?post=7978"}],"version-history":[{"count":10,"href":"https:\/\/vichy-encheres.com\/en\/wp-json\/wp\/v2\/pages\/7978\/revisions"}],"predecessor-version":[{"id":19505,"href":"https:\/\/vichy-encheres.com\/en\/wp-json\/wp\/v2\/pages\/7978\/revisions\/19505"}],"up":[{"embeddable":true,"href":"https:\/\/vichy-encheres.com\/en\/wp-json\/wp\/v2\/pages\/7969"}],"wp:attachment":[{"href":"https:\/\/vichy-encheres.com\/en\/wp-json\/wp\/v2\/media?parent=7978"}],"curies":[{"name":"wp","href":"https:\/\/api.w.org\/{rel}","templated":true}]}}