{"id":8015,"date":"2020-04-16T10:52:55","date_gmt":"2020-04-16T08:52:55","guid":{"rendered":"https:\/\/vichy-encheres.com\/?page_id=8015"},"modified":"2024-01-16T17:02:05","modified_gmt":"2024-01-16T16:02:05","slug":"expertise","status":"publish","type":"page","link":"https:\/\/vichy-encheres.com\/en\/buy-sell\/expertise\/","title":{"rendered":"Ask for an expertise"},"content":{"rendered":"\n<h2 class=\"wp-block-heading\"><strong>free and confidential expertises<\/strong><\/h2>\n\n\n\n\n    \n\t<div class=\"VE2019_BLOC_FULL\">\t\t\n\t\t\t\n\t\t\t\t\n\t\t\t\t<div class=\"VE2019_BD_VISUEL\" style=\"background-color:#cfa49f\">\n\t\t\t\t\t<div class=\"VE2019_CORNER\"><\/div>\n\t\t\t\t\t<div class=\"VE2019_BD_VISUEL_CONT\" style=\"background-image: url('https:\/\/vichy-encheres.com\/wp-content\/uploads\/2020\/04\/expertise_1.jpg');\"><\/div>\n\t\t\t\t<\/div>\n\t\t\t\t\n\t\t\t\t<div class=\"VE2019_BD_TEXTE\">\n\t\t\t\t\t<h2>First contact<\/h2>\n\t\t\t\t\t<br\/>\n\t\t\t\t\t<div class=\"texte\">\n\t\t\t\t\t<p>Before any appointment, we will ask you to send us by email photos of your instrument. We need good quality visuals, sharp and pretty close up. Some angles are essential to us. On a violin for example, you have to photograph the head, the back, the table and the F-hole. On a bow, no need to photograph the entire instrument, only two shots are needed: the head and the frog. To guide you in making these shots, we have created a video tutorial.<\/p>\n<p><a href=\"mailto:expertise@vichy-encheres.com\">Contact expertise department<\/a><br \/>\n<a href=\"https:\/\/vichy-encheres.com\/en\/how-to-take-pictures-of-your-instrument\/\">Video : how to take pictures of your instrument?<\/a><br \/>\n<a href=\"https:\/\/vichy-encheres.com\/wp-content\/uploads\/2020\/04\/affiche-violon-nodiffusion.pdf\" target=\"_blank\" rel=\"noopener\">The different parts of violin<\/a><br \/>\n<a href=\"https:\/\/vichy-encheres.com\/wp-content\/uploads\/2020\/04\/affiche-archet-nodiffusion.pdf\" target=\"_blank\" rel=\"noopener\">The different parts of bow<\/a><\/p>\n \n\t\t\t\t\t<\/div> \n\t\t\t\t<\/div>\n\t\t\t\t\n\t\t\t<\/div>\n\t\t\t\n\t\t\t\n\t<\/a>\n    \n\n\n\n\n    \n\t<div class=\"VE2019_BLOC_FULL\">\t\t\n\t\t\t\n\t\t\t\t\n\t\t\t\t<div class=\"VE2019_BD_VISUEL\" style=\"background-color:#cfa49f\">\n\t\t\t\t\t<div class=\"VE2019_CORNER\"><\/div>\n\t\t\t\t\t<div class=\"VE2019_BD_VISUEL_CONT\" style=\"background-image: url('https:\/\/vichy-encheres.com\/wp-content\/uploads\/2020\/04\/expertise_2-969x1024.jpg');\"><\/div>\n\t\t\t\t<\/div>\n\t\t\t\t\n\t\t\t\t<div class=\"VE2019_BD_TEXTE\">\n\t\t\t\t\t<h2>Appointment<\/h2>\n\t\t\t\t\t<br\/>\n\t\t\t\t\t<div class=\"texte\">\n\t\t\t\t\t<p>After sending us photos of your instrument, the auctioneer will be able to give you a free idea of the value.<br \/>\nIf a visual study is necessary, we will arrange an appointment at the auction house or at your home. In addition to a more precise valuation of your instrument, the auctioneer will be able to advise you on how to put your instrument on sale, according to your needs and the state of the market.<\/p>\n<p><a href=\"mailto:expertise@vichy-encheres.com\">Contact expertise department<\/a><br \/>\n<a href=\"https:\/\/vichy-encheres.com\/en\/vichy-encheres-3\/team\">Experts<\/a><\/p>\n \n\t\t\t\t\t<\/div> \n\t\t\t\t<\/div>\n\t\t\t\t\n\t\t\t<\/div>\n\t\t\t\n\t\t\t\n\t<\/a>\n    \n\n\n\n\n    \n\t<div class=\"VE2019_BLOC_FULL\">\t\t\n\t\t\t\n\t\t\t\t\n\t\t\t\t<div class=\"VE2019_BD_VISUEL\" style=\"background-color:#cfa49f\">\n\t\t\t\t\t<div class=\"VE2019_CORNER\"><\/div>\n\t\t\t\t\t<div class=\"VE2019_BD_VISUEL_CONT\" style=\"background-image: url('https:\/\/vichy-encheres.com\/wp-content\/uploads\/2020\/04\/expertise_3-1024x877.jpg');\"><\/div>\n\t\t\t\t<\/div>\n\t\t\t\t\n\t\t\t\t<div class=\"VE2019_BD_TEXTE\">\n\t\t\t\t\t<h2>Free expertises days<\/h2>\n\t\t\t\t\t<br\/>\n\t\t\t\t\t<div class=\"texte\">\n\t\t\t\t\t<p>Several times a year we organize free expertises days that are dedicated to musical instruments. We will receive you by appointment, at the auction house and with our experts. You will have the opportunity to interact directly with the finest experts in the field. Do not hesitate to ask us for the next dates!<\/p>\n<p><a href=\"mailto:expertise@vichy-encheres.com\">Contact expertise department<\/a><br \/>\n<a href=\"https:\/\/vichy-encheres.com\/en\/auctions\/events\">Events schedule<\/a><\/p>\n \n\t\t\t\t\t<\/div> \n\t\t\t\t<\/div>\n\t\t\t\t\n\t\t\t<\/div>\n\t\t\t\n\t\t\t\n\t<\/a>\n    \n","protected":false},"excerpt":{"rendered":"<p>free and confidential expertises<\/p>\n","protected":false},"author":1,"featured_media":0,"parent":7982,"menu_order":20,"comment_status":"closed","ping_status":"closed","template":"","meta":{"_acf_changed":false,"footnotes":""},"class_list":["post-8015","page","type-page","status-publish","hentry","entry"],"acf":[],"yoast_head":"<!-- This site is optimized with the Yoast SEO plugin v27.4 - https:\/\/yoast.com\/product\/yoast-seo-wordpress\/ -->\n<title>Ask for an expertise - Vichy Ench\u00e8res<\/title>\n<meta name=\"robots\" content=\"index, follow, max-snippet:-1, max-image-preview:large, max-video-preview:-1\" \/>\n<link rel=\"canonical\" href=\"https:\/\/vichy-encheres.com\/en\/buy-sell\/expertise\/\" \/>\n<meta property=\"og:locale\" content=\"en_US\" \/>\n<meta property=\"og:type\" content=\"article\" \/>\n<meta property=\"og:title\" content=\"Ask for an expertise - Vichy Ench\u00e8res\" \/>\n<meta property=\"og:description\" content=\"free and confidential expertises\" \/>\n<meta property=\"og:url\" content=\"https:\/\/vichy-encheres.com\/en\/buy-sell\/expertise\/\" \/>\n<meta property=\"og:site_name\" content=\"Vichy Ench\u00e8res\" \/>\n<meta property=\"article:publisher\" content=\"https:\/\/www.facebook.com\/vichyencheres\" \/>\n<meta property=\"article:modified_time\" content=\"2024-01-16T16:02:05+00:00\" \/>\n<meta name=\"twitter:card\" content=\"summary_large_image\" \/>\n<meta name=\"twitter:label1\" content=\"Est. reading time\" \/>\n\t<meta name=\"twitter:data1\" content=\"1 minute\" \/>\n<script type=\"application\/ld+json\" class=\"yoast-schema-graph\">{\"@context\":\"https:\\\/\\\/schema.org\",\"@graph\":[{\"@type\":\"WebPage\",\"@id\":\"https:\\\/\\\/vichy-encheres.com\\\/en\\\/buy-sell\\\/expertise\\\/\",\"url\":\"https:\\\/\\\/vichy-encheres.com\\\/en\\\/buy-sell\\\/expertise\\\/\",\"name\":\"Ask for an expertise - Vichy Ench\u00e8res\",\"isPartOf\":{\"@id\":\"https:\\\/\\\/vichy-encheres.com\\\/#website\"},\"datePublished\":\"2020-04-16T08:52:55+00:00\",\"dateModified\":\"2024-01-16T16:02:05+00:00\",\"breadcrumb\":{\"@id\":\"https:\\\/\\\/vichy-encheres.com\\\/en\\\/buy-sell\\\/expertise\\\/#breadcrumb\"},\"inLanguage\":\"en-US\",\"potentialAction\":[{\"@type\":\"ReadAction\",\"target\":[\"https:\\\/\\\/vichy-encheres.com\\\/en\\\/buy-sell\\\/expertise\\\/\"]}]},{\"@type\":\"BreadcrumbList\",\"@id\":\"https:\\\/\\\/vichy-encheres.com\\\/en\\\/buy-sell\\\/expertise\\\/#breadcrumb\",\"itemListElement\":[{\"@type\":\"ListItem\",\"position\":1,\"name\":\"Accueil\",\"item\":\"https:\\\/\\\/vichy-encheres.com\\\/en\\\/\"},{\"@type\":\"ListItem\",\"position\":2,\"name\":\"Buy\\\/sell\",\"item\":\"https:\\\/\\\/vichy-encheres.com\\\/en\\\/buy-sell\\\/\"},{\"@type\":\"ListItem\",\"position\":3,\"name\":\"Ask for an expertise\"}]},{\"@type\":\"WebSite\",\"@id\":\"https:\\\/\\\/vichy-encheres.com\\\/#website\",\"url\":\"https:\\\/\\\/vichy-encheres.com\\\/\",\"name\":\"Vichy Ench\u00e8res\",\"description\":\"La maison de ventes fran\u00e7aise sp\u00e9cialis\u00e9e dans les instruments de musique depuis 1983\",\"publisher\":{\"@id\":\"https:\\\/\\\/vichy-encheres.com\\\/#organization\"},\"potentialAction\":[{\"@type\":\"SearchAction\",\"target\":{\"@type\":\"EntryPoint\",\"urlTemplate\":\"https:\\\/\\\/vichy-encheres.com\\\/?s={search_term_string}\"},\"query-input\":{\"@type\":\"PropertyValueSpecification\",\"valueRequired\":true,\"valueName\":\"search_term_string\"}}],\"inLanguage\":\"en-US\"},{\"@type\":\"Organization\",\"@id\":\"https:\\\/\\\/vichy-encheres.com\\\/#organization\",\"name\":\"Vichy Ench\u00e8res\",\"url\":\"https:\\\/\\\/vichy-encheres.com\\\/\",\"logo\":{\"@type\":\"ImageObject\",\"inLanguage\":\"en-US\",\"@id\":\"https:\\\/\\\/vichy-encheres.com\\\/#\\\/schema\\\/logo\\\/image\\\/\",\"url\":\"https:\\\/\\\/vichy-encheres.com\\\/wp-content\\\/uploads\\\/2020\\\/07\\\/homepage_logo.gif\",\"contentUrl\":\"https:\\\/\\\/vichy-encheres.com\\\/wp-content\\\/uploads\\\/2020\\\/07\\\/homepage_logo.gif\",\"width\":2000,\"height\":1500,\"caption\":\"Vichy Ench\u00e8res\"},\"image\":{\"@id\":\"https:\\\/\\\/vichy-encheres.com\\\/#\\\/schema\\\/logo\\\/image\\\/\"},\"sameAs\":[\"https:\\\/\\\/www.facebook.com\\\/vichyencheres\",\"https:\\\/\\\/www.instagram.com\\\/vichyencheres\",\"https:\\\/\\\/www.pinterest.fr\\\/vichyencheres\"]}]}<\/script>\n<!-- \/ Yoast SEO plugin. -->","yoast_head_json":{"title":"Ask for an expertise - Vichy Ench\u00e8res","robots":{"index":"index","follow":"follow","max-snippet":"max-snippet:-1","max-image-preview":"max-image-preview:large","max-video-preview":"max-video-preview:-1"},"canonical":"https:\/\/vichy-encheres.com\/en\/buy-sell\/expertise\/","og_locale":"en_US","og_type":"article","og_title":"Ask for an expertise - Vichy Ench\u00e8res","og_description":"free and confidential expertises","og_url":"https:\/\/vichy-encheres.com\/en\/buy-sell\/expertise\/","og_site_name":"Vichy Ench\u00e8res","article_publisher":"https:\/\/www.facebook.com\/vichyencheres","article_modified_time":"2024-01-16T16:02:05+00:00","twitter_card":"summary_large_image","twitter_misc":{"Est. reading time":"1 minute"},"schema":{"@context":"https:\/\/schema.org","@graph":[{"@type":"WebPage","@id":"https:\/\/vichy-encheres.com\/en\/buy-sell\/expertise\/","url":"https:\/\/vichy-encheres.com\/en\/buy-sell\/expertise\/","name":"Ask for an expertise - Vichy Ench\u00e8res","isPartOf":{"@id":"https:\/\/vichy-encheres.com\/#website"},"datePublished":"2020-04-16T08:52:55+00:00","dateModified":"2024-01-16T16:02:05+00:00","breadcrumb":{"@id":"https:\/\/vichy-encheres.com\/en\/buy-sell\/expertise\/#breadcrumb"},"inLanguage":"en-US","potentialAction":[{"@type":"ReadAction","target":["https:\/\/vichy-encheres.com\/en\/buy-sell\/expertise\/"]}]},{"@type":"BreadcrumbList","@id":"https:\/\/vichy-encheres.com\/en\/buy-sell\/expertise\/#breadcrumb","itemListElement":[{"@type":"ListItem","position":1,"name":"Accueil","item":"https:\/\/vichy-encheres.com\/en\/"},{"@type":"ListItem","position":2,"name":"Buy\/sell","item":"https:\/\/vichy-encheres.com\/en\/buy-sell\/"},{"@type":"ListItem","position":3,"name":"Ask for an expertise"}]},{"@type":"WebSite","@id":"https:\/\/vichy-encheres.com\/#website","url":"https:\/\/vichy-encheres.com\/","name":"Vichy Ench\u00e8res","description":"La maison de ventes fran\u00e7aise sp\u00e9cialis\u00e9e dans les instruments de musique depuis 1983","publisher":{"@id":"https:\/\/vichy-encheres.com\/#organization"},"potentialAction":[{"@type":"SearchAction","target":{"@type":"EntryPoint","urlTemplate":"https:\/\/vichy-encheres.com\/?s={search_term_string}"},"query-input":{"@type":"PropertyValueSpecification","valueRequired":true,"valueName":"search_term_string"}}],"inLanguage":"en-US"},{"@type":"Organization","@id":"https:\/\/vichy-encheres.com\/#organization","name":"Vichy Ench\u00e8res","url":"https:\/\/vichy-encheres.com\/","logo":{"@type":"ImageObject","inLanguage":"en-US","@id":"https:\/\/vichy-encheres.com\/#\/schema\/logo\/image\/","url":"https:\/\/vichy-encheres.com\/wp-content\/uploads\/2020\/07\/homepage_logo.gif","contentUrl":"https:\/\/vichy-encheres.com\/wp-content\/uploads\/2020\/07\/homepage_logo.gif","width":2000,"height":1500,"caption":"Vichy Ench\u00e8res"},"image":{"@id":"https:\/\/vichy-encheres.com\/#\/schema\/logo\/image\/"},"sameAs":["https:\/\/www.facebook.com\/vichyencheres","https:\/\/www.instagram.com\/vichyencheres","https:\/\/www.pinterest.fr\/vichyencheres"]}]}},"_links":{"self":[{"href":"https:\/\/vichy-encheres.com\/en\/wp-json\/wp\/v2\/pages\/8015","targetHints":{"allow":["GET"]}}],"collection":[{"href":"https:\/\/vichy-encheres.com\/en\/wp-json\/wp\/v2\/pages"}],"about":[{"href":"https:\/\/vichy-encheres.com\/en\/wp-json\/wp\/v2\/types\/page"}],"author":[{"embeddable":true,"href":"https:\/\/vichy-encheres.com\/en\/wp-json\/wp\/v2\/users\/1"}],"replies":[{"embeddable":true,"href":"https:\/\/vichy-encheres.com\/en\/wp-json\/wp\/v2\/comments?post=8015"}],"version-history":[{"count":16,"href":"https:\/\/vichy-encheres.com\/en\/wp-json\/wp\/v2\/pages\/8015\/revisions"}],"predecessor-version":[{"id":19456,"href":"https:\/\/vichy-encheres.com\/en\/wp-json\/wp\/v2\/pages\/8015\/revisions\/19456"}],"up":[{"embeddable":true,"href":"https:\/\/vichy-encheres.com\/en\/wp-json\/wp\/v2\/pages\/7982"}],"wp:attachment":[{"href":"https:\/\/vichy-encheres.com\/en\/wp-json\/wp\/v2\/media?parent=8015"}],"curies":[{"name":"wp","href":"https:\/\/api.w.org\/{rel}","templated":true}]}}