{"id":8033,"date":"2020-04-16T11:01:46","date_gmt":"2020-04-16T09:01:46","guid":{"rendered":"https:\/\/vichy-encheres.com\/?page_id=8033"},"modified":"2024-05-03T11:09:28","modified_gmt":"2024-05-03T09:09:28","slug":"contact","status":"publish","type":"page","link":"https:\/\/vichy-encheres.com\/en\/contact\/","title":{"rendered":"CONTACT"},"content":{"rendered":"\n\n    \n\t<div class=\"VE2019_BLOC_FULL\">\t\t\n\t\t\t\n\t\t\t\t\n\t\t\t\t<div class=\"VE2019_BD_VISUEL\" style=\"background-color:#0096ad\">\n\t\t\t\t\t<div class=\"VE2019_CORNER\"><\/div>\n\t\t\t\t\t<div class=\"VE2019_BD_VISUEL_CONT\" style=\"background-image: url('https:\/\/vichy-encheres.com\/wp-content\/uploads\/2020\/06\/contact_marteau-1.jpg');\"><\/div>\n\t\t\t\t<\/div>\n\t\t\t\t\n\t\t\t\t<div class=\"VE2019_BD_TEXTE\">\n\t\t\t\t\t<h2>Accueil<\/h2>\n\t\t\t\t\t<br\/>\n\t\t\t\t\t<div class=\"texte\">\n\t\t\t\t\t<p>+33 4 70 30 11 20<\/p>\n<p><a href=\"mailto:vente@vichy-encheres.com\">vente@vichy-encheres.com<\/a><\/p>\n<p>From Monday to Thursday: 9:00\/12:00 &#8211; 14:00\/18:00<br \/>\nFriday: 10:00\/12:00 &#8211; 14:00\/17:00<\/p>\n<p><a href=\"https:\/\/goo.gl\/maps\/dtZWicyBQTe3WbG78\" target=\"_blank\" rel=\"noopener\">16 avenue de Lyon, 03200 Vichy, France<\/a><\/p>\n<p>Paris &gt; Vichy : 360 km \/ 3h45<br \/>\nParis Bercy station &gt; Vichy: direct journey by train in 2h58<\/p>\n \n\t\t\t\t\t<\/div> \n\t\t\t\t<\/div>\n\t\t\t\t\n\t\t\t<\/div>\n\t\t\t\n\t\t\t\n\t<\/a>\n    \n\n\n\n\n    \n\t<div class=\"VE2019_BLOC_FULL\">\t\t\n\t\t\t\n\t\t\t\t\n\t\t\t\t<div class=\"VE2019_BD_VISUEL\" style=\"background-color:#0096ad\">\n\t\t\t\t\t<div class=\"VE2019_CORNER\"><\/div>\n\t\t\t\t\t<div class=\"VE2019_BD_VISUEL_CONT\" style=\"background-image: url('https:\/\/vichy-encheres.com\/wp-content\/uploads\/2020\/06\/contact_expertise.jpg');\"><\/div>\n\t\t\t\t<\/div>\n\t\t\t\t\n\t\t\t\t<div class=\"VE2019_BD_TEXTE\">\n\t\t\t\t\t<h2>Expertise<\/h2>\n\t\t\t\t\t<br\/>\n\t\t\t\t\t<div class=\"texte\">\n\t\t\t\t\t<p>You want to have a free and confidential expertise:<br \/>\n<a href=\"mailto:expertise@vichy-encheres.com\">expertise@vichy-encheres.com<\/a><\/p>\n \n\t\t\t\t\t<\/div> \n\t\t\t\t<\/div>\n\t\t\t\t\n\t\t\t<\/div>\n\t\t\t\n\t\t\t\n\t<\/a>\n    \n\n\n\n\n    \n\t<div class=\"VE2019_BLOC_FULL\">\t\t\n\t\t\t\n\t\t\t\t\n\t\t\t\t<div class=\"VE2019_BD_VISUEL\" style=\"background-color:#0096ad\">\n\t\t\t\t\t<div class=\"VE2019_CORNER\"><\/div>\n\t\t\t\t\t<div class=\"VE2019_BD_VISUEL_CONT\" style=\"background-image: url('https:\/\/vichy-encheres.com\/wp-content\/uploads\/2020\/06\/contact_vente.jpg');\"><\/div>\n\t\t\t\t<\/div>\n\t\t\t\t\n\t\t\t\t<div class=\"VE2019_BD_TEXTE\">\n\t\t\t\t\t<h2>Sales<\/h2>\n\t\t\t\t\t<br\/>\n\t\t\t\t\t<div class=\"texte\">\n\t\t\t\t\t<p>You want to have information about our sales:<br \/>\n<a href=\"mailto:vente@vichy-encheres.com\">vente@vichy-encheres.com<\/a><\/p>\n \n\t\t\t\t\t<\/div> \n\t\t\t\t<\/div>\n\t\t\t\t\n\t\t\t<\/div>\n\t\t\t\n\t\t\t\n\t<\/a>\n    \n\n\n\n\n    \n\t<div class=\"VE2019_BLOC_FULL\">\t\t\n\t\t\t\n\t\t\t\t\n\t\t\t\t<div class=\"VE2019_BD_VISUEL\" style=\"background-color:#0096ad\">\n\t\t\t\t\t<div class=\"VE2019_CORNER\"><\/div>\n\t\t\t\t\t<div class=\"VE2019_BD_VISUEL_CONT\" style=\"background-image: url('https:\/\/vichy-encheres.com\/wp-content\/uploads\/2020\/06\/contact_musique.jpg');\"><\/div>\n\t\t\t\t<\/div>\n\t\t\t\t\n\t\t\t\t<div class=\"VE2019_BD_TEXTE\">\n\t\t\t\t\t<h2>Music<\/h2>\n\t\t\t\t\t<br\/>\n\t\t\t\t\t<div class=\"texte\">\n\t\t\t\t\t<p>You have given us a musical instrument for sale:<br \/>\n<a href=\"mailto:musique@vichy-encheres.com\">musique@vichy-encheres.com<\/a><\/p>\n \n\t\t\t\t\t<\/div> \n\t\t\t\t<\/div>\n\t\t\t\t\n\t\t\t<\/div>\n\t\t\t\n\t\t\t\n\t<\/a>\n    \n\n\n\n\n    \n\t<div class=\"VE2019_BLOC_FULL\">\t\t\n\t\t\t\n\t\t\t\t\n\t\t\t\t<div class=\"VE2019_BD_VISUEL\" style=\"background-color:#0096ad\">\n\t\t\t\t\t<div class=\"VE2019_CORNER\"><\/div>\n\t\t\t\t\t<div class=\"VE2019_BD_VISUEL_CONT\" style=\"background-image: url('https:\/\/vichy-encheres.com\/wp-content\/uploads\/2020\/06\/contact_comptabilite.jpg');\"><\/div>\n\t\t\t\t<\/div>\n\t\t\t\t\n\t\t\t\t<div class=\"VE2019_BD_TEXTE\">\n\t\t\t\t\t<h2>Accounting<\/h2>\n\t\t\t\t\t<br\/>\n\t\t\t\t\t<div class=\"texte\">\n\t\t\t\t\t<p>You want to join our accounting department:<br \/>\n<a href=\"mailto:compta@vichy-encheres.com\">compta@vichy-encheres.com<\/a><\/p>\n \n\t\t\t\t\t<\/div> \n\t\t\t\t<\/div>\n\t\t\t\t\n\t\t\t<\/div>\n\t\t\t\n\t\t\t\n\t<\/a>\n    \n\n\n\n\n    \n\t<div class=\"VE2019_BLOC_FULL\">\t\t\n\t\t\t\n\t\t\t\t\n\t\t\t\t<div class=\"VE2019_BD_VISUEL\" style=\"background-color:#0096ad\">\n\t\t\t\t\t<div class=\"VE2019_CORNER\"><\/div>\n\t\t\t\t\t<div class=\"VE2019_BD_VISUEL_CONT\" style=\"background-image: url('https:\/\/vichy-encheres.com\/wp-content\/uploads\/2020\/06\/contact_doc.jpg');\"><\/div>\n\t\t\t\t<\/div>\n\t\t\t\t\n\t\t\t\t<div class=\"VE2019_BD_TEXTE\">\n\t\t\t\t\t<h2>Communication<\/h2>\n\t\t\t\t\t<br\/>\n\t\t\t\t\t<div class=\"texte\">\n\t\t\t\t\t<p>You wish to contact our communication department:<br \/>\n<a href=\"mailto:com@vichy-encheres.com\">com@vichy-encheres.com<\/a><\/p>\n \n\t\t\t\t\t<\/div> \n\t\t\t\t<\/div>\n\t\t\t\t\n\t\t\t<\/div>\n\t\t\t\n\t\t\t\n\t<\/a>\n    \n\n\n\n\n    \n\t<div class=\"VE2019_BLOC_FULL\">\t\t\n\t\t\t\n\t\t\t\t\n\t\t\t\t<div class=\"VE2019_BD_VISUEL\" style=\"background-color:#0096ad\">\n\t\t\t\t\t<div class=\"VE2019_CORNER\"><\/div>\n\t\t\t\t\t<div class=\"VE2019_BD_VISUEL_CONT\" style=\"background-image: url('https:\/\/vichy-encheres.com\/wp-content\/uploads\/2020\/06\/contact_doc.jpg');\"><\/div>\n\t\t\t\t<\/div>\n\t\t\t\t\n\t\t\t\t<div class=\"VE2019_BD_TEXTE\">\n\t\t\t\t\t<h2>Documentation<\/h2>\n\t\t\t\t\t<br\/>\n\t\t\t\t\t<div class=\"texte\">\n\t\t\t\t\t<p>You wish to contact our documentation department:<br \/>\n<a href=\"mailto:doc@vichy-encheres.com\">doc@vichy-encheres.com<\/a><\/p>\n \n\t\t\t\t\t<\/div> \n\t\t\t\t<\/div>\n\t\t\t\t\n\t\t\t<\/div>\n\t\t\t\n\t\t\t\n\t<\/a>\n    \n","protected":false},"excerpt":{"rendered":"","protected":false},"author":1,"featured_media":0,"parent":0,"menu_order":50,"comment_status":"closed","ping_status":"closed","template":"","meta":{"_acf_changed":false,"footnotes":""},"class_list":["post-8033","page","type-page","status-publish","hentry","entry"],"acf":[],"yoast_head":"<!-- This site is optimized with the Yoast SEO plugin v27.4 - https:\/\/yoast.com\/product\/yoast-seo-wordpress\/ -->\n<title>CONTACT - Vichy Ench\u00e8res<\/title>\n<meta name=\"robots\" content=\"index, follow, max-snippet:-1, max-image-preview:large, max-video-preview:-1\" \/>\n<link rel=\"canonical\" href=\"https:\/\/vichy-encheres.com\/en\/contact\/\" \/>\n<meta property=\"og:locale\" content=\"en_US\" \/>\n<meta property=\"og:type\" content=\"article\" \/>\n<meta property=\"og:title\" content=\"CONTACT - Vichy Ench\u00e8res\" \/>\n<meta property=\"og:url\" content=\"https:\/\/vichy-encheres.com\/en\/contact\/\" \/>\n<meta property=\"og:site_name\" content=\"Vichy Ench\u00e8res\" \/>\n<meta property=\"article:publisher\" content=\"https:\/\/www.facebook.com\/vichyencheres\" \/>\n<meta property=\"article:modified_time\" content=\"2024-05-03T09:09:28+00:00\" \/>\n<meta name=\"twitter:card\" content=\"summary_large_image\" \/>\n<script type=\"application\/ld+json\" class=\"yoast-schema-graph\">{\"@context\":\"https:\\\/\\\/schema.org\",\"@graph\":[{\"@type\":\"WebPage\",\"@id\":\"https:\\\/\\\/vichy-encheres.com\\\/en\\\/contact\\\/\",\"url\":\"https:\\\/\\\/vichy-encheres.com\\\/en\\\/contact\\\/\",\"name\":\"CONTACT - Vichy Ench\u00e8res\",\"isPartOf\":{\"@id\":\"https:\\\/\\\/vichy-encheres.com\\\/#website\"},\"datePublished\":\"2020-04-16T09:01:46+00:00\",\"dateModified\":\"2024-05-03T09:09:28+00:00\",\"breadcrumb\":{\"@id\":\"https:\\\/\\\/vichy-encheres.com\\\/en\\\/contact\\\/#breadcrumb\"},\"inLanguage\":\"en-US\",\"potentialAction\":[{\"@type\":\"ReadAction\",\"target\":[\"https:\\\/\\\/vichy-encheres.com\\\/en\\\/contact\\\/\"]}]},{\"@type\":\"BreadcrumbList\",\"@id\":\"https:\\\/\\\/vichy-encheres.com\\\/en\\\/contact\\\/#breadcrumb\",\"itemListElement\":[{\"@type\":\"ListItem\",\"position\":1,\"name\":\"Accueil\",\"item\":\"https:\\\/\\\/vichy-encheres.com\\\/en\\\/\"},{\"@type\":\"ListItem\",\"position\":2,\"name\":\"CONTACT\"}]},{\"@type\":\"WebSite\",\"@id\":\"https:\\\/\\\/vichy-encheres.com\\\/#website\",\"url\":\"https:\\\/\\\/vichy-encheres.com\\\/\",\"name\":\"Vichy Ench\u00e8res\",\"description\":\"La maison de ventes fran\u00e7aise sp\u00e9cialis\u00e9e dans les instruments de musique depuis 1983\",\"publisher\":{\"@id\":\"https:\\\/\\\/vichy-encheres.com\\\/#organization\"},\"potentialAction\":[{\"@type\":\"SearchAction\",\"target\":{\"@type\":\"EntryPoint\",\"urlTemplate\":\"https:\\\/\\\/vichy-encheres.com\\\/?s={search_term_string}\"},\"query-input\":{\"@type\":\"PropertyValueSpecification\",\"valueRequired\":true,\"valueName\":\"search_term_string\"}}],\"inLanguage\":\"en-US\"},{\"@type\":\"Organization\",\"@id\":\"https:\\\/\\\/vichy-encheres.com\\\/#organization\",\"name\":\"Vichy Ench\u00e8res\",\"url\":\"https:\\\/\\\/vichy-encheres.com\\\/\",\"logo\":{\"@type\":\"ImageObject\",\"inLanguage\":\"en-US\",\"@id\":\"https:\\\/\\\/vichy-encheres.com\\\/#\\\/schema\\\/logo\\\/image\\\/\",\"url\":\"https:\\\/\\\/vichy-encheres.com\\\/wp-content\\\/uploads\\\/2020\\\/07\\\/homepage_logo.gif\",\"contentUrl\":\"https:\\\/\\\/vichy-encheres.com\\\/wp-content\\\/uploads\\\/2020\\\/07\\\/homepage_logo.gif\",\"width\":2000,\"height\":1500,\"caption\":\"Vichy Ench\u00e8res\"},\"image\":{\"@id\":\"https:\\\/\\\/vichy-encheres.com\\\/#\\\/schema\\\/logo\\\/image\\\/\"},\"sameAs\":[\"https:\\\/\\\/www.facebook.com\\\/vichyencheres\",\"https:\\\/\\\/www.instagram.com\\\/vichyencheres\",\"https:\\\/\\\/www.pinterest.fr\\\/vichyencheres\"]}]}<\/script>\n<!-- \/ Yoast SEO plugin. -->","yoast_head_json":{"title":"CONTACT - Vichy Ench\u00e8res","robots":{"index":"index","follow":"follow","max-snippet":"max-snippet:-1","max-image-preview":"max-image-preview:large","max-video-preview":"max-video-preview:-1"},"canonical":"https:\/\/vichy-encheres.com\/en\/contact\/","og_locale":"en_US","og_type":"article","og_title":"CONTACT - Vichy Ench\u00e8res","og_url":"https:\/\/vichy-encheres.com\/en\/contact\/","og_site_name":"Vichy Ench\u00e8res","article_publisher":"https:\/\/www.facebook.com\/vichyencheres","article_modified_time":"2024-05-03T09:09:28+00:00","twitter_card":"summary_large_image","schema":{"@context":"https:\/\/schema.org","@graph":[{"@type":"WebPage","@id":"https:\/\/vichy-encheres.com\/en\/contact\/","url":"https:\/\/vichy-encheres.com\/en\/contact\/","name":"CONTACT - Vichy Ench\u00e8res","isPartOf":{"@id":"https:\/\/vichy-encheres.com\/#website"},"datePublished":"2020-04-16T09:01:46+00:00","dateModified":"2024-05-03T09:09:28+00:00","breadcrumb":{"@id":"https:\/\/vichy-encheres.com\/en\/contact\/#breadcrumb"},"inLanguage":"en-US","potentialAction":[{"@type":"ReadAction","target":["https:\/\/vichy-encheres.com\/en\/contact\/"]}]},{"@type":"BreadcrumbList","@id":"https:\/\/vichy-encheres.com\/en\/contact\/#breadcrumb","itemListElement":[{"@type":"ListItem","position":1,"name":"Accueil","item":"https:\/\/vichy-encheres.com\/en\/"},{"@type":"ListItem","position":2,"name":"CONTACT"}]},{"@type":"WebSite","@id":"https:\/\/vichy-encheres.com\/#website","url":"https:\/\/vichy-encheres.com\/","name":"Vichy Ench\u00e8res","description":"La maison de ventes fran\u00e7aise sp\u00e9cialis\u00e9e dans les instruments de musique depuis 1983","publisher":{"@id":"https:\/\/vichy-encheres.com\/#organization"},"potentialAction":[{"@type":"SearchAction","target":{"@type":"EntryPoint","urlTemplate":"https:\/\/vichy-encheres.com\/?s={search_term_string}"},"query-input":{"@type":"PropertyValueSpecification","valueRequired":true,"valueName":"search_term_string"}}],"inLanguage":"en-US"},{"@type":"Organization","@id":"https:\/\/vichy-encheres.com\/#organization","name":"Vichy Ench\u00e8res","url":"https:\/\/vichy-encheres.com\/","logo":{"@type":"ImageObject","inLanguage":"en-US","@id":"https:\/\/vichy-encheres.com\/#\/schema\/logo\/image\/","url":"https:\/\/vichy-encheres.com\/wp-content\/uploads\/2020\/07\/homepage_logo.gif","contentUrl":"https:\/\/vichy-encheres.com\/wp-content\/uploads\/2020\/07\/homepage_logo.gif","width":2000,"height":1500,"caption":"Vichy Ench\u00e8res"},"image":{"@id":"https:\/\/vichy-encheres.com\/#\/schema\/logo\/image\/"},"sameAs":["https:\/\/www.facebook.com\/vichyencheres","https:\/\/www.instagram.com\/vichyencheres","https:\/\/www.pinterest.fr\/vichyencheres"]}]}},"_links":{"self":[{"href":"https:\/\/vichy-encheres.com\/en\/wp-json\/wp\/v2\/pages\/8033","targetHints":{"allow":["GET"]}}],"collection":[{"href":"https:\/\/vichy-encheres.com\/en\/wp-json\/wp\/v2\/pages"}],"about":[{"href":"https:\/\/vichy-encheres.com\/en\/wp-json\/wp\/v2\/types\/page"}],"author":[{"embeddable":true,"href":"https:\/\/vichy-encheres.com\/en\/wp-json\/wp\/v2\/users\/1"}],"replies":[{"embeddable":true,"href":"https:\/\/vichy-encheres.com\/en\/wp-json\/wp\/v2\/comments?post=8033"}],"version-history":[{"count":17,"href":"https:\/\/vichy-encheres.com\/en\/wp-json\/wp\/v2\/pages\/8033\/revisions"}],"predecessor-version":[{"id":24750,"href":"https:\/\/vichy-encheres.com\/en\/wp-json\/wp\/v2\/pages\/8033\/revisions\/24750"}],"wp:attachment":[{"href":"https:\/\/vichy-encheres.com\/en\/wp-json\/wp\/v2\/media?parent=8033"}],"curies":[{"name":"wp","href":"https:\/\/api.w.org\/{rel}","templated":true}]}}