{"id":8081,"date":"2020-05-07T13:20:45","date_gmt":"2020-05-07T11:20:45","guid":{"rendered":"https:\/\/vichy-encheres.com\/?page_id=8081"},"modified":"2023-08-24T11:46:36","modified_gmt":"2023-08-24T09:46:36","slug":"sell","status":"publish","type":"page","link":"https:\/\/vichy-encheres.com\/en\/buy-sell\/sell\/","title":{"rendered":"Sell"},"content":{"rendered":"\n<h2 class=\"wp-block-heading\"><strong><strong>A high quality service<\/strong><\/strong><\/h2>\n\n\n\n<p>When you present your musical instrument in Vichy, you benefit from a high quality service, reaching the reliable premium buyers of all around the world and to be accompanied through all the administrative formalities.<\/p>\n\n\n\n<div style=\"height:100px\" aria-hidden=\"true\" class=\"wp-block-spacer\"><\/div>\n\n\n\n\n    \n\t<div class=\"VE2019_BLOC_FULL\">\t\t\n\t\t\t\n\t\t\t\t\n\t\t\t\t<div class=\"VE2019_BD_VISUEL\" style=\"background-color:#c8b2a5\">\n\t\t\t\t\t<div class=\"VE2019_CORNER\"><\/div>\n\t\t\t\t\t<div class=\"VE2019_BD_VISUEL_CONT\" style=\"background-image: url('https:\/\/vichy-encheres.com\/wp-content\/uploads\/2020\/06\/vente-garanties.jpg');\"><\/div>\n\t\t\t\t<\/div>\n\t\t\t\t\n\t\t\t\t<div class=\"VE2019_BD_TEXTE\">\n\t\t\t\t\t<h2>Reserve price and sales conditions<\/h2>\n\t\t\t\t\t<br\/>\n\t\t\t\t\t<div class=\"texte\">\n\t\t\t\t\t<p>When you decide to sell your music instrument with Vichy Ench\u00e8res, you can set a reserve price, which is a minimum price below which your item cannot be sold. Just know that the reserve price cannot be higher than the low estimate of your instrument.<br \/>\nFind all of our downloadable sales conditions here.<\/p>\n<p><a href=\"https:\/\/vichy-encheres.com\/en\/sales-conditions\/\" target=\"_blank\" rel=\"noopener\">Sales conditions<\/a><br \/>\n<a href=\"mailto:musique@vichy-encheres.com\">Contact music department <\/a><\/p>\n<div><\/div>\n \n\t\t\t\t\t<\/div> \n\t\t\t\t<\/div>\n\t\t\t\t\n\t\t\t<\/div>\n\t\t\t\n\t\t\t\n\t<\/a>\n    \n\n\n\n\n    \n\t<div class=\"VE2019_BLOC_FULL\">\t\t\n\t\t\t\n\t\t\t\t\n\t\t\t\t<div class=\"VE2019_BD_VISUEL\" style=\"background-color:#c8b2a5\">\n\t\t\t\t\t<div class=\"VE2019_CORNER\"><\/div>\n\t\t\t\t\t<div class=\"VE2019_BD_VISUEL_CONT\" style=\"background-image: url('https:\/\/vichy-encheres.com\/wp-content\/uploads\/2020\/06\/vendre-2-frais-de-ventes.jpg');\"><\/div>\n\t\t\t\t<\/div>\n\t\t\t\t\n\t\t\t\t<div class=\"VE2019_BD_TEXTE\">\n\t\t\t\t\t<h2>Sales commissions and payment<\/h2>\n\t\t\t\t\t<br\/>\n\t\t\t\t\t<div class=\"texte\">\n\t\t\t\t\t<p>As a seller, a percentage of the auction price will be deducted from your sales slip, depending on the quality of the instrument. These costs include the service we provide you as well as expenses incurred in connection with the sale: catalog, advertising, expert fees, transport and storage costs, etc. These rate is specific to our customers selling musical instruments.<br \/>\nWe make payments by bank transfer within one month, provided that the buyer has paid his invoice.<\/p>\n<p><a href=\"mailto:compta@vichy-encheres.com\">Contact accounting department <\/a><\/p>\n \n\t\t\t\t\t<\/div> \n\t\t\t\t<\/div>\n\t\t\t\t\n\t\t\t<\/div>\n\t\t\t\n\t\t\t\n\t<\/a>\n    \n\n\n\n\n    \n\t<div class=\"VE2019_BLOC_FULL\">\t\t\n\t\t\t\n\t\t\t\t\n\t\t\t\t<div class=\"VE2019_BD_VISUEL\" style=\"background-color:#c8b2a5\">\n\t\t\t\t\t<div class=\"VE2019_CORNER\"><\/div>\n\t\t\t\t\t<div class=\"VE2019_BD_VISUEL_CONT\" style=\"background-image: url('https:\/\/vichy-encheres.com\/wp-content\/uploads\/2020\/06\/vendre-3-admin.jpg');\"><\/div>\n\t\t\t\t<\/div>\n\t\t\t\t\n\t\t\t\t<div class=\"VE2019_BD_TEXTE\">\n\t\t\t\t\t<h2>Administrative formalities<\/h2>\n\t\t\t\t\t<br\/>\n\t\t\t\t\t<div class=\"texte\">\n\t\t\t\t\t<p>National and international laws are becoming more complex and require a perfect knowledge of the procedures to be carried out before and after the sale. So we take care of the administrative procedures.<br \/>\nWe support you in the management of flat-rate capital gains taxes.<br \/>\nIf you live outside the European Union, we guide you through the customs procedures. We request cultural property certificates for any instrument whose estimate is greater than \u20ac 50,000. We request CIC\/CITES certificates if your instrument is made with protected species.<\/p>\n<p><a href=\"mailto:compta@vichy-encheres.com\">Contact accounting department<\/a><br \/>\n<a href=\"mailto:vente@vichy-encheres.com\">Contact sale department<\/a><\/p>\n \n\t\t\t\t\t<\/div> \n\t\t\t\t<\/div>\n\t\t\t\t\n\t\t\t<\/div>\n\t\t\t\n\t\t\t\n\t<\/a>\n    \n","protected":false},"excerpt":{"rendered":"<p>A high quality service When you present your musical instrument in Vichy, you benefit from a high quality service, reaching the reliable premium buyers of all around the world and to be accompanied through all the administrative formalities.<\/p>\n","protected":false},"author":1,"featured_media":0,"parent":7982,"menu_order":30,"comment_status":"closed","ping_status":"closed","template":"","meta":{"_acf_changed":false,"footnotes":""},"class_list":["post-8081","page","type-page","status-publish","hentry","entry"],"acf":[],"yoast_head":"<!-- This site is optimized with the Yoast SEO plugin v27.3 - https:\/\/yoast.com\/product\/yoast-seo-wordpress\/ -->\n<title>Sell - Vichy Ench\u00e8res<\/title>\n<meta name=\"description\" content=\"When you present your musical instrument in Vichy, you benefit from a high quality service, reaching the reliable premium buyers...\" \/>\n<meta name=\"robots\" content=\"index, follow, max-snippet:-1, max-image-preview:large, max-video-preview:-1\" \/>\n<link rel=\"canonical\" href=\"https:\/\/vichy-encheres.com\/en\/buy-sell\/sell\/\" \/>\n<meta property=\"og:locale\" content=\"en_US\" \/>\n<meta property=\"og:type\" content=\"article\" \/>\n<meta property=\"og:title\" content=\"Sell - Vichy Ench\u00e8res\" \/>\n<meta property=\"og:description\" content=\"When you present your musical instrument in Vichy, you benefit from a high quality service, reaching the reliable premium buyers...\" \/>\n<meta property=\"og:url\" content=\"https:\/\/vichy-encheres.com\/en\/buy-sell\/sell\/\" \/>\n<meta property=\"og:site_name\" content=\"Vichy Ench\u00e8res\" \/>\n<meta property=\"article:publisher\" content=\"https:\/\/www.facebook.com\/vichyencheres\" \/>\n<meta property=\"article:modified_time\" content=\"2023-08-24T09:46:36+00:00\" \/>\n<meta name=\"twitter:card\" content=\"summary_large_image\" \/>\n<meta name=\"twitter:label1\" content=\"Est. reading time\" \/>\n\t<meta name=\"twitter:data1\" content=\"1 minute\" \/>\n<script type=\"application\/ld+json\" class=\"yoast-schema-graph\">{\"@context\":\"https:\\\/\\\/schema.org\",\"@graph\":[{\"@type\":\"WebPage\",\"@id\":\"https:\\\/\\\/vichy-encheres.com\\\/en\\\/buy-sell\\\/sell\\\/\",\"url\":\"https:\\\/\\\/vichy-encheres.com\\\/en\\\/buy-sell\\\/sell\\\/\",\"name\":\"Sell - Vichy Ench\u00e8res\",\"isPartOf\":{\"@id\":\"https:\\\/\\\/vichy-encheres.com\\\/#website\"},\"datePublished\":\"2020-05-07T11:20:45+00:00\",\"dateModified\":\"2023-08-24T09:46:36+00:00\",\"description\":\"When you present your musical instrument in Vichy, you benefit from a high quality service, reaching the reliable premium buyers...\",\"breadcrumb\":{\"@id\":\"https:\\\/\\\/vichy-encheres.com\\\/en\\\/buy-sell\\\/sell\\\/#breadcrumb\"},\"inLanguage\":\"en-US\",\"potentialAction\":[{\"@type\":\"ReadAction\",\"target\":[\"https:\\\/\\\/vichy-encheres.com\\\/en\\\/buy-sell\\\/sell\\\/\"]}]},{\"@type\":\"BreadcrumbList\",\"@id\":\"https:\\\/\\\/vichy-encheres.com\\\/en\\\/buy-sell\\\/sell\\\/#breadcrumb\",\"itemListElement\":[{\"@type\":\"ListItem\",\"position\":1,\"name\":\"Accueil\",\"item\":\"https:\\\/\\\/vichy-encheres.com\\\/en\\\/\"},{\"@type\":\"ListItem\",\"position\":2,\"name\":\"Buy\\\/sell\",\"item\":\"https:\\\/\\\/vichy-encheres.com\\\/en\\\/buy-sell\\\/\"},{\"@type\":\"ListItem\",\"position\":3,\"name\":\"Sell\"}]},{\"@type\":\"WebSite\",\"@id\":\"https:\\\/\\\/vichy-encheres.com\\\/#website\",\"url\":\"https:\\\/\\\/vichy-encheres.com\\\/\",\"name\":\"Vichy Ench\u00e8res\",\"description\":\"La maison de ventes fran\u00e7aise sp\u00e9cialis\u00e9e dans les instruments de musique depuis 1983\",\"publisher\":{\"@id\":\"https:\\\/\\\/vichy-encheres.com\\\/#organization\"},\"potentialAction\":[{\"@type\":\"SearchAction\",\"target\":{\"@type\":\"EntryPoint\",\"urlTemplate\":\"https:\\\/\\\/vichy-encheres.com\\\/?s={search_term_string}\"},\"query-input\":{\"@type\":\"PropertyValueSpecification\",\"valueRequired\":true,\"valueName\":\"search_term_string\"}}],\"inLanguage\":\"en-US\"},{\"@type\":\"Organization\",\"@id\":\"https:\\\/\\\/vichy-encheres.com\\\/#organization\",\"name\":\"Vichy Ench\u00e8res\",\"url\":\"https:\\\/\\\/vichy-encheres.com\\\/\",\"logo\":{\"@type\":\"ImageObject\",\"inLanguage\":\"en-US\",\"@id\":\"https:\\\/\\\/vichy-encheres.com\\\/#\\\/schema\\\/logo\\\/image\\\/\",\"url\":\"https:\\\/\\\/vichy-encheres.com\\\/wp-content\\\/uploads\\\/2020\\\/07\\\/homepage_logo.gif\",\"contentUrl\":\"https:\\\/\\\/vichy-encheres.com\\\/wp-content\\\/uploads\\\/2020\\\/07\\\/homepage_logo.gif\",\"width\":2000,\"height\":1500,\"caption\":\"Vichy Ench\u00e8res\"},\"image\":{\"@id\":\"https:\\\/\\\/vichy-encheres.com\\\/#\\\/schema\\\/logo\\\/image\\\/\"},\"sameAs\":[\"https:\\\/\\\/www.facebook.com\\\/vichyencheres\",\"https:\\\/\\\/www.instagram.com\\\/vichyencheres\",\"https:\\\/\\\/www.pinterest.fr\\\/vichyencheres\"]}]}<\/script>\n<!-- \/ Yoast SEO plugin. -->","yoast_head_json":{"title":"Sell - Vichy Ench\u00e8res","description":"When you present your musical instrument in Vichy, you benefit from a high quality service, reaching the reliable premium buyers...","robots":{"index":"index","follow":"follow","max-snippet":"max-snippet:-1","max-image-preview":"max-image-preview:large","max-video-preview":"max-video-preview:-1"},"canonical":"https:\/\/vichy-encheres.com\/en\/buy-sell\/sell\/","og_locale":"en_US","og_type":"article","og_title":"Sell - Vichy Ench\u00e8res","og_description":"When you present your musical instrument in Vichy, you benefit from a high quality service, reaching the reliable premium buyers...","og_url":"https:\/\/vichy-encheres.com\/en\/buy-sell\/sell\/","og_site_name":"Vichy Ench\u00e8res","article_publisher":"https:\/\/www.facebook.com\/vichyencheres","article_modified_time":"2023-08-24T09:46:36+00:00","twitter_card":"summary_large_image","twitter_misc":{"Est. reading time":"1 minute"},"schema":{"@context":"https:\/\/schema.org","@graph":[{"@type":"WebPage","@id":"https:\/\/vichy-encheres.com\/en\/buy-sell\/sell\/","url":"https:\/\/vichy-encheres.com\/en\/buy-sell\/sell\/","name":"Sell - Vichy Ench\u00e8res","isPartOf":{"@id":"https:\/\/vichy-encheres.com\/#website"},"datePublished":"2020-05-07T11:20:45+00:00","dateModified":"2023-08-24T09:46:36+00:00","description":"When you present your musical instrument in Vichy, you benefit from a high quality service, reaching the reliable premium buyers...","breadcrumb":{"@id":"https:\/\/vichy-encheres.com\/en\/buy-sell\/sell\/#breadcrumb"},"inLanguage":"en-US","potentialAction":[{"@type":"ReadAction","target":["https:\/\/vichy-encheres.com\/en\/buy-sell\/sell\/"]}]},{"@type":"BreadcrumbList","@id":"https:\/\/vichy-encheres.com\/en\/buy-sell\/sell\/#breadcrumb","itemListElement":[{"@type":"ListItem","position":1,"name":"Accueil","item":"https:\/\/vichy-encheres.com\/en\/"},{"@type":"ListItem","position":2,"name":"Buy\/sell","item":"https:\/\/vichy-encheres.com\/en\/buy-sell\/"},{"@type":"ListItem","position":3,"name":"Sell"}]},{"@type":"WebSite","@id":"https:\/\/vichy-encheres.com\/#website","url":"https:\/\/vichy-encheres.com\/","name":"Vichy Ench\u00e8res","description":"La maison de ventes fran\u00e7aise sp\u00e9cialis\u00e9e dans les instruments de musique depuis 1983","publisher":{"@id":"https:\/\/vichy-encheres.com\/#organization"},"potentialAction":[{"@type":"SearchAction","target":{"@type":"EntryPoint","urlTemplate":"https:\/\/vichy-encheres.com\/?s={search_term_string}"},"query-input":{"@type":"PropertyValueSpecification","valueRequired":true,"valueName":"search_term_string"}}],"inLanguage":"en-US"},{"@type":"Organization","@id":"https:\/\/vichy-encheres.com\/#organization","name":"Vichy Ench\u00e8res","url":"https:\/\/vichy-encheres.com\/","logo":{"@type":"ImageObject","inLanguage":"en-US","@id":"https:\/\/vichy-encheres.com\/#\/schema\/logo\/image\/","url":"https:\/\/vichy-encheres.com\/wp-content\/uploads\/2020\/07\/homepage_logo.gif","contentUrl":"https:\/\/vichy-encheres.com\/wp-content\/uploads\/2020\/07\/homepage_logo.gif","width":2000,"height":1500,"caption":"Vichy Ench\u00e8res"},"image":{"@id":"https:\/\/vichy-encheres.com\/#\/schema\/logo\/image\/"},"sameAs":["https:\/\/www.facebook.com\/vichyencheres","https:\/\/www.instagram.com\/vichyencheres","https:\/\/www.pinterest.fr\/vichyencheres"]}]}},"_links":{"self":[{"href":"https:\/\/vichy-encheres.com\/en\/wp-json\/wp\/v2\/pages\/8081","targetHints":{"allow":["GET"]}}],"collection":[{"href":"https:\/\/vichy-encheres.com\/en\/wp-json\/wp\/v2\/pages"}],"about":[{"href":"https:\/\/vichy-encheres.com\/en\/wp-json\/wp\/v2\/types\/page"}],"author":[{"embeddable":true,"href":"https:\/\/vichy-encheres.com\/en\/wp-json\/wp\/v2\/users\/1"}],"replies":[{"embeddable":true,"href":"https:\/\/vichy-encheres.com\/en\/wp-json\/wp\/v2\/comments?post=8081"}],"version-history":[{"count":13,"href":"https:\/\/vichy-encheres.com\/en\/wp-json\/wp\/v2\/pages\/8081\/revisions"}],"predecessor-version":[{"id":21263,"href":"https:\/\/vichy-encheres.com\/en\/wp-json\/wp\/v2\/pages\/8081\/revisions\/21263"}],"up":[{"embeddable":true,"href":"https:\/\/vichy-encheres.com\/en\/wp-json\/wp\/v2\/pages\/7982"}],"wp:attachment":[{"href":"https:\/\/vichy-encheres.com\/en\/wp-json\/wp\/v2\/media?parent=8081"}],"curies":[{"name":"wp","href":"https:\/\/api.w.org\/{rel}","templated":true}]}}